{"id":754,"date":"2026-02-21T09:09:31","date_gmt":"2026-02-21T09:09:31","guid":{"rendered":"https:\/\/shatranj.art\/?page_id=754"},"modified":"2026-02-24T09:41:40","modified_gmt":"2026-02-24T09:41:40","slug":"poster-3","status":"publish","type":"page","link":"https:\/\/shatranj.art\/vi\/exhibit\/poster-3\/","title":{"rendered":"Poster 3"},"content":{"rendered":"<div data-elementor-type=\"wp-page\" data-elementor-id=\"754\" class=\"elementor elementor-754\" data-elementor-post-type=\"page\">\n\t\t\t\t<div class=\"elementor-element elementor-element-9b83603 e-flex e-con-boxed e-con e-parent\" data-id=\"9b83603\" data-element_type=\"container\" data-e-type=\"container\" data-settings=\"{&quot;background_background&quot;:&quot;classic&quot;}\">\n\t\t\t\t\t<div class=\"e-con-inner\">\n\t\t\t\t<div class=\"elementor-element elementor-element-bd25ad4 elementor-widget__width-initial elementor-widget elementor-widget-heading\" data-id=\"bd25ad4\" data-element_type=\"widget\" data-e-type=\"widget\" data-widget_type=\"heading.default\">\n\t\t\t\t<div class=\"elementor-widget-container\">\n\t\t\t\t\t<h1 class=\"elementor-heading-title elementor-size-default\">Ng\u00e3 t\u01b0 v\u0103n h\u00f3a: Di s\u1ea3n h\u00ecnh h\u1ecdc t\u1eeb \u0110\u00f4ng \u00c1 \u0111\u1ebfn Al-Andalus<\/h1>\t\t\t\t<\/div>\n\t\t\t\t<\/div>\n\t\t\t\t<div class=\"elementor-element elementor-element-5240965 elementor-widget elementor-widget-text-editor\" data-id=\"5240965\" data-element_type=\"widget\" data-e-type=\"widget\" data-widget_type=\"text-editor.default\">\n\t\t\t\t<div class=\"elementor-widget-container\">\n\t\t\t\t\t\t\t\t\t<p>Th\u1ec3 hi\u1ec7n th\u1ea9m m\u1ef9 H\u1ed3i gi\u00e1o th\u1ebf k\u1ef7 12, nh\u1eefng qu\u00e2n c\u1edd Shatranj n\u00e0y l\u00e0 nh\u1eefng b\u1eb1ng ch\u1ee9ng v\u1eadt ch\u1ea5t cho h\u00e0nh tr\u00ecnh k\u00e9o d\u00e0i h\u00e0ng thi\u00ean ni\u00ean k\u1ef7 c\u1ee7a c\u1edd vua t\u1eeb \u0110\u00f4ng sang T\u00e2y. Trong th\u1eddi k\u1ef3 n\u00e0y, c\u00e1c h\u00ecnh th\u1ee9c tr\u1eebu t\u01b0\u1ee3ng ch\u1ecbu \u1ea3nh h\u01b0\u1edfng c\u1ee7a phong c\u00e1ch Abbasid v\u00e0 Fatimid \u0111\u00e3 lan truy\u1ec1n qua Al-Andalus v\u00e0o T\u00e2y Ban Nha v\u00e0 kh\u1eafp ch\u00e2u \u00c2u. Vi\u1ec7c ph\u00e1t hi\u1ec7n ra nh\u1eefng qu\u00e2n c\u1edd g\u1ea7n nh\u01b0 gi\u1ed1ng h\u1ec7t nhau t\u1ea1i c\u00e1c di ch\u1ec9 kh\u1ea3o c\u1ed5 \u1edf T\u00e2y Ban Nha ch\u1ee9ng minh r\u1eb1ng ng\u00f4n ng\u1eef h\u00ecnh h\u1ecdc n\u00e0y \u0111\u00e3 tr\u1edf th\u00e0nh m\u1ed9t ng\u00f4n ng\u1eef ngh\u1ec7 thu\u1eadt ph\u1ed5 qu\u00e1t v\u01b0\u1ee3t qua bi\u00ean gi\u1edbi. B\u1ed9 c\u1edd n\u00e0y k\u1ec3 l\u1ea1i c\u00e2u chuy\u1ec7n v\u1ec1 m\u1ed9t l\u1ecbch s\u1eed chung bao dung, n\u01a1i c\u00e1c n\u1ec1n v\u0103n minh \u0111a d\u1ea1ng g\u1eb7p g\u1ee1 th\u00f4ng qua m\u1ed9t s\u1ef1 theo \u0111u\u1ed5i th\u1ea9m m\u1ef9 v\u00e0 tr\u00ed tu\u1ec7 chung.<\/p>\t\t\t\t\t\t\t\t<\/div>\n\t\t\t\t<\/div>\n\t\t\t\t<div class=\"elementor-element elementor-element-f05b288 elementor-widget elementor-widget-image\" data-id=\"f05b288\" data-element_type=\"widget\" data-e-type=\"widget\" data-widget_type=\"image.default\">\n\t\t\t\t<div class=\"elementor-widget-container\">\n\t\t\t\t\t\t\t\t\t\t\t\t\t\t\t<img fetchpriority=\"high\" decoding=\"async\" width=\"2560\" height=\"1949\" src=\"https:\/\/shatranj.art\/wp-content\/uploads\/2026\/02\/2-scaled.jpg\" class=\"attachment-full size-full wp-image-750\" alt=\"\" srcset=\"https:\/\/shatranj.art\/wp-content\/uploads\/2026\/02\/2-scaled.jpg 2560w, https:\/\/shatranj.art\/wp-content\/uploads\/2026\/02\/2-300x228.jpg 300w, https:\/\/shatranj.art\/wp-content\/uploads\/2026\/02\/2-1024x780.jpg 1024w, https:\/\/shatranj.art\/wp-content\/uploads\/2026\/02\/2-768x585.jpg 768w, https:\/\/shatranj.art\/wp-content\/uploads\/2026\/02\/2-1536x1169.jpg 1536w, https:\/\/shatranj.art\/wp-content\/uploads\/2026\/02\/2-2048x1559.jpg 2048w\" sizes=\"(max-width: 2560px) 100vw, 2560px\" \/>\t\t\t\t\t\t\t\t\t\t\t\t\t\t\t<\/div>\n\t\t\t\t<\/div>\n\t\t\t\t\t<\/div>\n\t\t\t\t<\/div>\n\t\t\t\t<\/div>","protected":false},"excerpt":{"rendered":"<p>Crossroads of Culture: A Geometric Legacy from the East to Al-Andalus Reflecting the 12th-century Islamic aesthetic, these Shatranj pieces are tangible witnesses to the millennium-long journey of chess from East to West. During this era, abstract forms influenced by Abbasid and Fatimid styles migrated through Al-Andalus into Spain and across Europe. The discovery of nearly [&hellip;]<\/p>\n","protected":false},"author":1,"featured_media":0,"parent":743,"menu_order":0,"comment_status":"closed","ping_status":"closed","template":"","meta":{"footnotes":""},"class_list":["post-754","page","type-page","status-publish","hentry"],"_links":{"self":[{"href":"https:\/\/shatranj.art\/vi\/wp-json\/wp\/v2\/pages\/754","targetHints":{"allow":["GET"]}}],"collection":[{"href":"https:\/\/shatranj.art\/vi\/wp-json\/wp\/v2\/pages"}],"about":[{"href":"https:\/\/shatranj.art\/vi\/wp-json\/wp\/v2\/types\/page"}],"author":[{"embeddable":true,"href":"https:\/\/shatranj.art\/vi\/wp-json\/wp\/v2\/users\/1"}],"replies":[{"embeddable":true,"href":"https:\/\/shatranj.art\/vi\/wp-json\/wp\/v2\/comments?post=754"}],"version-history":[{"count":17,"href":"https:\/\/shatranj.art\/vi\/wp-json\/wp\/v2\/pages\/754\/revisions"}],"predecessor-version":[{"id":1598,"href":"https:\/\/shatranj.art\/vi\/wp-json\/wp\/v2\/pages\/754\/revisions\/1598"}],"up":[{"embeddable":true,"href":"https:\/\/shatranj.art\/vi\/wp-json\/wp\/v2\/pages\/743"}],"wp:attachment":[{"href":"https:\/\/shatranj.art\/vi\/wp-json\/wp\/v2\/media?parent=754"}],"curies":[{"name":"wp","href":"https:\/\/api.w.org\/{rel}","templated":true}]}}