{"id":788,"date":"2026-02-21T17:52:41","date_gmt":"2026-02-21T17:52:41","guid":{"rendered":"https:\/\/shatranj.art\/?page_id=788"},"modified":"2026-02-23T08:09:25","modified_gmt":"2026-02-23T08:09:25","slug":"poster-5","status":"publish","type":"page","link":"https:\/\/shatranj.art\/vi\/exhibit\/poster-5\/","title":{"rendered":"Poster 5"},"content":{"rendered":"<div data-elementor-type=\"wp-page\" data-elementor-id=\"788\" class=\"elementor elementor-788\" data-elementor-post-type=\"page\">\n\t\t\t\t<div class=\"elementor-element elementor-element-392e0f4 e-flex e-con-boxed e-con e-parent\" data-id=\"392e0f4\" data-element_type=\"container\" data-e-type=\"container\" data-settings=\"{&quot;background_background&quot;:&quot;classic&quot;}\">\n\t\t\t\t\t<div class=\"e-con-inner\">\n\t\t<div class=\"elementor-element elementor-element-7cea5b8 e-con-full e-flex e-con e-child\" data-id=\"7cea5b8\" data-element_type=\"container\" data-e-type=\"container\">\n\t\t\t\t<div class=\"elementor-element elementor-element-022fe27 elementor-widget elementor-widget-image\" data-id=\"022fe27\" data-element_type=\"widget\" data-e-type=\"widget\" data-widget_type=\"image.default\">\n\t\t\t\t<div class=\"elementor-widget-container\">\n\t\t\t\t\t\t\t\t\t\t\t\t\t\t\t<img fetchpriority=\"high\" decoding=\"async\" width=\"800\" height=\"667\" src=\"https:\/\/shatranj.art\/wp-content\/uploads\/2026\/02\/22-1024x854.jpg\" class=\"attachment-large size-large wp-image-1004\" alt=\"\" srcset=\"https:\/\/shatranj.art\/wp-content\/uploads\/2026\/02\/22-1024x854.jpg 1024w, https:\/\/shatranj.art\/wp-content\/uploads\/2026\/02\/22-300x250.jpg 300w, https:\/\/shatranj.art\/wp-content\/uploads\/2026\/02\/22-768x640.jpg 768w, https:\/\/shatranj.art\/wp-content\/uploads\/2026\/02\/22-1536x1280.jpg 1536w, https:\/\/shatranj.art\/wp-content\/uploads\/2026\/02\/22-2048x1707.jpg 2048w\" sizes=\"(max-width: 800px) 100vw, 800px\" \/>\t\t\t\t\t\t\t\t\t\t\t\t\t\t\t<\/div>\n\t\t\t\t<\/div>\n\t\t\t\t<div class=\"elementor-element elementor-element-883ad20 elementor-widget elementor-widget-text-editor\" data-id=\"883ad20\" data-element_type=\"widget\" data-e-type=\"widget\" data-widget_type=\"text-editor.default\">\n\t\t\t\t<div class=\"elementor-widget-container\">\n\t\t\t\t\t\t\t\t\t<h3><b>Ludus Duodecim Scriptorum: Di s\u1ea3n La M\u00e3 c\u1ee7a tr\u00f2 ch\u01a1i Backgammon<\/b><\/h3><p>B\u00ed \u1ea9n c\u1ee7a M\u01b0\u1eddi Hai D\u1ea5u Hi\u1ec7u T\u00ean ti\u1ebfng Latin c\u1ee7a tr\u00f2 ch\u01a1i n\u00e0y l\u00e0 \u201cLudus Duodecim Scriptorum\u201d, c\u00f3 ngh\u0129a l\u00e0 \"Tr\u00f2 ch\u01a1i M\u01b0\u1eddi Hai D\u1ea5u Hi\u1ec7u\", l\u00e0 m\u1ed9t tr\u00f2 ch\u01a1i chi\u1ebfn l\u01b0\u1ee3c v\u00e0 may r\u1ee7i ph\u1ed5 bi\u1ebfn kh\u1eafp \u0110\u1ebf ch\u1ebf La M\u00e3, t\u1eeb c\u00e1c tr\u1ea1i l\u00ednh \u0111\u1ebfn c\u00e1c cung \u0111i\u1ec7n ho\u00e0ng gia. C\u00e1c v\u00ed d\u1ee5 \u0111\u01b0\u1ee3c kh\u1eafc tr\u00ean s\u00e0n \u0111\u00e1 c\u1ea9m th\u1ea1ch c\u1ee7a th\u00e0nh ph\u1ed1 c\u1ed5 Ephesus, \u0111\u1eb7c bi\u1ec7t l\u00e0 tr\u00ean b\u1eadc thang c\u1ee7a Th\u01b0 vi\u1ec7n Celsus, ch\u1ee9ng minh vai tr\u00f2 trung t\u00e2m c\u1ee7a tr\u00f2 ch\u01a1i n\u00e0y trong cu\u1ed9c s\u1ed1ng h\u00e0ng ng\u00e0y c\u1ee7a ng\u01b0\u1eddi La M\u00e3. Tr\u00f2 ch\u01a1i bao g\u1ed3m m\u1ed9t b\u1ea3ng c\u00f3 ba h\u00e0ng, m\u1ed7i h\u00e0ng c\u00f3 12 d\u1ea5u hi\u1ec7u, v\u00e0 ng\u01b0\u1eddi ch\u01a1i ph\u1ea3i di chuy\u1ec3n c\u00e1c qu\u00e2n c\u1edd v\u00e0o khu v\u1ef1c nh\u00e0 b\u1eb1ng c\u00e1ch s\u1eed d\u1ee5ng ba con x\u00fac x\u1eafc.<\/p><p>\u00a0<\/p><p><b>T\u1ed5 ti\u00ean c\u1ee7a tr\u00f2 ch\u01a1i Backgammon<\/b> <span style=\"font-weight: 400;\"><br \/><\/span>Trong h\u00e0ng th\u1ebf k\u1ef7, vi\u1ec7c \u0111\u01a1n gi\u1ea3n h\u00f3a c\u00e1c quy t\u1eafc v\u00e0 chuy\u1ec3n sang \u0111\u1ecbnh d\u1ea1ng hai h\u00e0ng \u0111\u00e3 d\u1eabn \u0111\u1ebfn s\u1ef1 ra \u0111\u1eddi c\u1ee7a tr\u00f2 ch\u01a1i \u0111\u01b0\u1ee3c g\u1ecdi l\u00e0 Tabula, ti\u1ec1n th\u00e2n tr\u1ef1c ti\u1ebfp c\u1ee7a Backgammon hi\u1ec7n \u0111\u1ea1i. Ludus Duodecim Scriptorum kh\u00f4ng ch\u1ec9 l\u00e0 m\u1ed9t tr\u00f2 gi\u1ea3i tr\u00ed; n\u00f3 l\u00e0 m\u1ed9t minh ch\u1ee9ng \u0111\u01b0\u1ee3c kh\u1eafc v\u00e0o \u0111\u00e1 v\u1ec1 s\u1ef1 theo \u0111u\u1ed5i c\u1ee7a tr\u00ed tu\u1ec7 c\u1ed5 \u0111\u1ea1i \u0111\u1ed1i v\u1edbi x\u00e1c su\u1ea5t to\u00e1n h\u1ecdc, qu\u1ea3n l\u00fd r\u1ee7i ro v\u00e0 cu\u1ed9c \u0111\u1ea5u tranh v\u0129nh c\u1eedu ch\u1ed1ng l\u1ea1i s\u1ed1 ph\u1eadn.<\/p>\t\t\t\t\t\t\t\t<\/div>\n\t\t\t\t<\/div>\n\t\t\t\t<\/div>\n\t\t\t\t\t<\/div>\n\t\t\t\t<\/div>\n\t\t\t\t<\/div>","protected":false},"excerpt":{"rendered":"<p>Ludus Duodecim Scriptorum: The Roman Heritage of Backgammon The Mystery of the Twelve Markings Meaning &#8220;The Game of Twelve Markings&#8221; in Latin, Ludus Duodecim Scriptorum was a widely played strategy and chance game throughout the Roman Empire, from military barracks to imperial palaces. Examples etched into the marble floors of the ancient city of Ephesus [&hellip;]<\/p>\n","protected":false},"author":1,"featured_media":0,"parent":743,"menu_order":0,"comment_status":"closed","ping_status":"closed","template":"","meta":{"footnotes":""},"class_list":["post-788","page","type-page","status-publish","hentry"],"_links":{"self":[{"href":"https:\/\/shatranj.art\/vi\/wp-json\/wp\/v2\/pages\/788","targetHints":{"allow":["GET"]}}],"collection":[{"href":"https:\/\/shatranj.art\/vi\/wp-json\/wp\/v2\/pages"}],"about":[{"href":"https:\/\/shatranj.art\/vi\/wp-json\/wp\/v2\/types\/page"}],"author":[{"embeddable":true,"href":"https:\/\/shatranj.art\/vi\/wp-json\/wp\/v2\/users\/1"}],"replies":[{"embeddable":true,"href":"https:\/\/shatranj.art\/vi\/wp-json\/wp\/v2\/comments?post=788"}],"version-history":[{"count":19,"href":"https:\/\/shatranj.art\/vi\/wp-json\/wp\/v2\/pages\/788\/revisions"}],"predecessor-version":[{"id":1301,"href":"https:\/\/shatranj.art\/vi\/wp-json\/wp\/v2\/pages\/788\/revisions\/1301"}],"up":[{"embeddable":true,"href":"https:\/\/shatranj.art\/vi\/wp-json\/wp\/v2\/pages\/743"}],"wp:attachment":[{"href":"https:\/\/shatranj.art\/vi\/wp-json\/wp\/v2\/media?parent=788"}],"curies":[{"name":"wp","href":"https:\/\/api.w.org\/{rel}","templated":true}]}}