{"id":799,"date":"2026-02-21T19:35:38","date_gmt":"2026-02-21T19:35:38","guid":{"rendered":"https:\/\/shatranj.art\/?page_id=799"},"modified":"2026-02-23T04:34:49","modified_gmt":"2026-02-23T04:34:49","slug":"poster-6","status":"publish","type":"page","link":"https:\/\/shatranj.art\/vi\/exhibit\/poster-6\/","title":{"rendered":"Poster 6"},"content":{"rendered":"<div data-elementor-type=\"wp-page\" data-elementor-id=\"799\" class=\"elementor elementor-799\" data-elementor-post-type=\"page\">\n\t\t\t\t<div class=\"elementor-element elementor-element-4cae77b e-flex e-con-boxed e-con e-parent\" data-id=\"4cae77b\" data-element_type=\"container\" data-e-type=\"container\" data-settings=\"{&quot;background_background&quot;:&quot;classic&quot;}\">\n\t\t\t\t\t<div class=\"e-con-inner\">\n\t\t\t\t<div class=\"elementor-element elementor-element-4273e1e elementor-widget elementor-widget-image\" data-id=\"4273e1e\" data-element_type=\"widget\" data-e-type=\"widget\" data-widget_type=\"image.default\">\n\t\t\t\t<div class=\"elementor-widget-container\">\n\t\t\t\t\t\t\t\t\t\t\t\t\t\t\t<img fetchpriority=\"high\" decoding=\"async\" width=\"1826\" height=\"1162\" src=\"https:\/\/shatranj.art\/wp-content\/uploads\/2026\/02\/6.jpg\" class=\"attachment-full size-full wp-image-801\" alt=\"\" srcset=\"https:\/\/shatranj.art\/wp-content\/uploads\/2026\/02\/6.jpg 1826w, https:\/\/shatranj.art\/wp-content\/uploads\/2026\/02\/6-300x191.jpg 300w, https:\/\/shatranj.art\/wp-content\/uploads\/2026\/02\/6-1024x652.jpg 1024w, https:\/\/shatranj.art\/wp-content\/uploads\/2026\/02\/6-768x489.jpg 768w, https:\/\/shatranj.art\/wp-content\/uploads\/2026\/02\/6-1536x977.jpg 1536w\" sizes=\"(max-width: 1826px) 100vw, 1826px\" \/>\t\t\t\t\t\t\t\t\t\t\t\t\t\t\t<\/div>\n\t\t\t\t<\/div>\n\t\t\t\t<div class=\"elementor-element elementor-element-a901a4c elementor-widget elementor-widget-text-editor\" data-id=\"a901a4c\" data-element_type=\"widget\" data-e-type=\"widget\" data-widget_type=\"text-editor.default\">\n\t\t\t\t<div class=\"elementor-widget-container\">\n\t\t\t\t\t\t\t\t\t<p><b>S\u1ef1 thanh l\u1ecbch t\u1ea1i \u0111\u1ec9nh cao: Di s\u1ea3n c\u1ee7a Lasker v\u00e0 Schlechter<\/b><\/p><p>\u00a0<\/p><p><span style=\"font-weight: 400;\">S\u1ef1 c\u0103ng th\u1eb3ng c\u1ee7a Gi\u1ea3i v\u00f4 \u0111\u1ecbch c\u1edd vua th\u1ebf gi\u1edbi n\u0103m 1910 \u0111\u01b0\u1ee3c t\u00e1i hi\u1ec7n qua nh\u1eefng \u0111\u01b0\u1eddng n\u00e9t \u0111\u01a1n gi\u1ea3n nh\u01b0ng trang nh\u00e3 c\u1ee7a b\u1ed9 c\u1edd n\u00e0y. L\u00e0m ch\u1ee9ng cho cu\u1ed9c \u0111\u1ed1i \u0111\u1ea7u huy\u1ec1n tho\u1ea1i gi\u1eefa Emanuel Lasker v\u00e0 Carl Schlechter, thi\u1ebft k\u1ebf n\u00e0y l\u00e0 bi\u1ec3u t\u01b0\u1ee3ng th\u1ea9m m\u1ef9 c\u1ee7a ngh\u1ec7 thu\u1eadt th\u1ee7 c\u00f4ng ch\u00e2u \u00c2u \u0111\u1ea7u th\u1ebf k\u1ef7 20. Kh\u00f4ng c\u00f2n ch\u1ec9 l\u00e0 c\u00f4ng c\u1ee5 ch\u01a1i game, nh\u1eefng qu\u00e2n c\u1edd n\u00e0y \u0111\u00e3 tr\u1edf th\u00e0nh nh\u1eefng t\u00e1c ph\u1ea9m ngh\u1ec7 thu\u1eadt, n\u01a1i k\u1ef7 lu\u1eadt th\u1ec3 thao hi\u1ec7n \u0111\u1ea1i g\u1eb7p g\u1ee1 ngh\u1ec7 thu\u1eadt c\u1ed5 \u0111i\u1ec3n, t\u01b0\u1ee3ng tr\u01b0ng cho s\u1ef1 ph\u00e1t tri\u1ec3n c\u1ee7a c\u1edd vua th\u00e0nh m\u1ed9t s\u00e2n kh\u1ea5u to\u00e0n c\u1ea7u cho s\u1ef1 c\u1ea1nh tranh tr\u00ed tu\u1ec7.<\/span><\/p>\t\t\t\t\t\t\t\t<\/div>\n\t\t\t\t<\/div>\n\t\t<div class=\"elementor-element elementor-element-bf9c282 e-con-full e-flex e-con e-child\" data-id=\"bf9c282\" data-element_type=\"container\" data-e-type=\"container\">\n\t\t\t\t<div class=\"elementor-element elementor-element-771f573 elementor-widget elementor-widget-image\" data-id=\"771f573\" data-element_type=\"widget\" data-e-type=\"widget\" data-widget_type=\"image.default\">\n\t\t\t\t<div class=\"elementor-widget-container\">\n\t\t\t\t\t\t\t\t\t\t\t\t\t\t\t<img decoding=\"async\" width=\"1047\" height=\"441\" src=\"https:\/\/shatranj.art\/wp-content\/uploads\/2026\/02\/6.png\" class=\"attachment-full size-full wp-image-805\" alt=\"\" srcset=\"https:\/\/shatranj.art\/wp-content\/uploads\/2026\/02\/6.png 1047w, https:\/\/shatranj.art\/wp-content\/uploads\/2026\/02\/6-300x126.png 300w, https:\/\/shatranj.art\/wp-content\/uploads\/2026\/02\/6-1024x431.png 1024w, https:\/\/shatranj.art\/wp-content\/uploads\/2026\/02\/6-768x323.png 768w\" sizes=\"(max-width: 1047px) 100vw, 1047px\" \/>\t\t\t\t\t\t\t\t\t\t\t\t\t\t\t<\/div>\n\t\t\t\t<\/div>\n\t\t\t\t<div class=\"elementor-element elementor-element-c3cde6f elementor-widget elementor-widget-image\" data-id=\"c3cde6f\" data-element_type=\"widget\" data-e-type=\"widget\" data-widget_type=\"image.default\">\n\t\t\t\t<div class=\"elementor-widget-container\">\n\t\t\t\t\t\t\t\t\t\t\t\t\t\t\t<img decoding=\"async\" width=\"995\" height=\"427\" src=\"https:\/\/shatranj.art\/wp-content\/uploads\/2026\/02\/6-1.png\" class=\"attachment-full size-full wp-image-802\" alt=\"\" srcset=\"https:\/\/shatranj.art\/wp-content\/uploads\/2026\/02\/6-1.png 995w, https:\/\/shatranj.art\/wp-content\/uploads\/2026\/02\/6-1-300x129.png 300w, https:\/\/shatranj.art\/wp-content\/uploads\/2026\/02\/6-1-768x330.png 768w\" sizes=\"(max-width: 995px) 100vw, 995px\" \/>\t\t\t\t\t\t\t\t\t\t\t\t\t\t\t<\/div>\n\t\t\t\t<\/div>\n\t\t\t\t<\/div>\n\t\t\t\t<div class=\"elementor-element elementor-element-bf16949 elementor-widget elementor-widget-text-editor\" data-id=\"bf16949\" data-element_type=\"widget\" data-e-type=\"widget\" data-widget_type=\"text-editor.default\">\n\t\t\t\t<div class=\"elementor-widget-container\">\n\t\t\t\t\t\t\t\t\t<p><b>Th\u1ea9m m\u1ef9 d\u00e2n ch\u1ee7: C\u1edd vua trong c\u00e1c qu\u00e1n c\u00e0 ph\u00ea Vienna<\/b><\/p><p>V\u00e0o nh\u1eefng n\u0103m 1880 \u1edf ch\u00e2u \u00c2u, c\u1edd vua \u0111\u00e3 chuy\u1ec3n t\u1eeb c\u00e1c h\u00e0nh lang ho\u00e0ng gia sang kh\u00f4ng gian \u1ea5m c\u00fang, tr\u00ed th\u1ee9c c\u1ee7a c\u00e1c qu\u00e1n c\u00e0 ph\u00ea c\u00f4ng c\u1ed9ng th\u00f4ng qua nh\u1eefng b\u1ed9 c\u1edd nh\u01b0 th\u1ebf n\u00e0y. \u0110\u01b0\u1ee3c ch\u1ea1m kh\u1eafc t\u1eeb g\u1ed7 tr\u00e1i c\u00e2y, b\u1ed9 c\u1edd n\u00e0y l\u00e0 m\u1ed9t v\u00ed d\u1ee5 \u0111i\u1ec3n h\u00ecnh c\u1ee7a phong c\u00e1ch \u201cQu\u00e1n c\u00e0 ph\u00ea Vienna\u201d (Kaffeehaus), n\u1ed5i ti\u1ebfng v\u1edbi nh\u1eefng qu\u00e2n m\u00e3 v\u00e0 qu\u00e2n t\u01b0\u1ee3ng \u0111\u01b0\u1ee3c thi\u1ebft k\u1ebf theo phong c\u00e1ch \u0111\u1eb7c tr\u01b0ng. Nh\u1eefng qu\u00e2n c\u1edd n\u00e0y k\u1ec3 l\u1ea1i c\u00e2u chuy\u1ec7n v\u1ec1 c\u00e1ch tr\u00f2 ch\u01a1i n\u00e0y \u0111\u00e3 x\u00f3a nh\u00f2a ranh gi\u1edbi giai c\u1ea5p, tr\u1edf th\u00e0nh m\u1ed9t k\u1ef3 t\u00edch d\u00e2n ch\u1ee7 c\u1ee7a ngh\u1ec7 thu\u1eadt th\u1ee7 c\u00f4ng, \u0434\u043e\u0441\u0442\u0443\u043f cho t\u1ea5t c\u1ea3 m\u1ecdi ng\u01b0\u1eddi.<\/p>\t\t\t\t\t\t\t\t<\/div>\n\t\t\t\t<\/div>\n\t\t\t\t<div class=\"elementor-element elementor-element-40b8a07 elementor-widget elementor-widget-image\" data-id=\"40b8a07\" data-element_type=\"widget\" data-e-type=\"widget\" data-widget_type=\"image.default\">\n\t\t\t\t<div class=\"elementor-widget-container\">\n\t\t\t\t\t\t\t\t\t\t\t\t\t\t\t<img loading=\"lazy\" decoding=\"async\" width=\"724\" height=\"450\" src=\"https:\/\/shatranj.art\/wp-content\/uploads\/2026\/02\/6-3.png\" class=\"attachment-large size-large wp-image-803\" alt=\"\" srcset=\"https:\/\/shatranj.art\/wp-content\/uploads\/2026\/02\/6-3.png 724w, https:\/\/shatranj.art\/wp-content\/uploads\/2026\/02\/6-3-300x186.png 300w\" sizes=\"(max-width: 724px) 100vw, 724px\" \/>\t\t\t\t\t\t\t\t\t\t\t\t\t\t\t<\/div>\n\t\t\t\t<\/div>\n\t\t\t\t\t<\/div>\n\t\t\t\t<\/div>\n\t\t\t\t<\/div>","protected":false},"excerpt":{"rendered":"<p>Elegance at the Summit: The Legacy of Lasker and Schlechter \u00a0 The tension of the 1910 World Chess Championship comes to life in the simple yet dignified lines of this set. Witness to the legendary struggle between Emanuel Lasker and Carl Schlechter, this design is an aesthetic expression of early 20th-century European craftsmanship. No longer [&hellip;]<\/p>\n","protected":false},"author":1,"featured_media":0,"parent":743,"menu_order":0,"comment_status":"closed","ping_status":"closed","template":"","meta":{"footnotes":""},"class_list":["post-799","page","type-page","status-publish","hentry"],"_links":{"self":[{"href":"https:\/\/shatranj.art\/vi\/wp-json\/wp\/v2\/pages\/799","targetHints":{"allow":["GET"]}}],"collection":[{"href":"https:\/\/shatranj.art\/vi\/wp-json\/wp\/v2\/pages"}],"about":[{"href":"https:\/\/shatranj.art\/vi\/wp-json\/wp\/v2\/types\/page"}],"author":[{"embeddable":true,"href":"https:\/\/shatranj.art\/vi\/wp-json\/wp\/v2\/users\/1"}],"replies":[{"embeddable":true,"href":"https:\/\/shatranj.art\/vi\/wp-json\/wp\/v2\/comments?post=799"}],"version-history":[{"count":10,"href":"https:\/\/shatranj.art\/vi\/wp-json\/wp\/v2\/pages\/799\/revisions"}],"predecessor-version":[{"id":1186,"href":"https:\/\/shatranj.art\/vi\/wp-json\/wp\/v2\/pages\/799\/revisions\/1186"}],"up":[{"embeddable":true,"href":"https:\/\/shatranj.art\/vi\/wp-json\/wp\/v2\/pages\/743"}],"wp:attachment":[{"href":"https:\/\/shatranj.art\/vi\/wp-json\/wp\/v2\/media?parent=799"}],"curies":[{"name":"wp","href":"https:\/\/api.w.org\/{rel}","templated":true}]}}