{"id":809,"date":"2026-02-21T19:53:54","date_gmt":"2026-02-21T19:53:54","guid":{"rendered":"https:\/\/shatranj.art\/?page_id=809"},"modified":"2026-03-18T00:05:44","modified_gmt":"2026-03-18T00:05:44","slug":"poster-7","status":"publish","type":"page","link":"https:\/\/shatranj.art\/vi\/exhibit\/poster-7\/","title":{"rendered":"Poster 7"},"content":{"rendered":"<div data-elementor-type=\"wp-page\" data-elementor-id=\"809\" class=\"elementor elementor-809\" data-elementor-post-type=\"page\">\n\t\t\t\t<div class=\"elementor-element elementor-element-fa6cd04 e-flex e-con-boxed e-con e-parent\" data-id=\"fa6cd04\" data-element_type=\"container\" data-e-type=\"container\" data-settings=\"{&quot;background_background&quot;:&quot;classic&quot;}\">\n\t\t\t\t\t<div class=\"e-con-inner\">\n\t\t\t\t<div class=\"elementor-element elementor-element-5c7bc28 elementor-widget elementor-widget-image\" data-id=\"5c7bc28\" data-element_type=\"widget\" data-e-type=\"widget\" data-widget_type=\"image.default\">\n\t\t\t\t<div class=\"elementor-widget-container\">\n\t\t\t\t\t\t\t\t\t\t\t\t\t\t\t<img fetchpriority=\"high\" decoding=\"async\" width=\"1968\" height=\"1288\" src=\"https:\/\/shatranj.art\/wp-content\/uploads\/2026\/02\/7.jpg\" class=\"attachment-full size-full wp-image-812\" alt=\"\" srcset=\"https:\/\/shatranj.art\/wp-content\/uploads\/2026\/02\/7.jpg 1968w, https:\/\/shatranj.art\/wp-content\/uploads\/2026\/02\/7-300x196.jpg 300w, https:\/\/shatranj.art\/wp-content\/uploads\/2026\/02\/7-1024x670.jpg 1024w, https:\/\/shatranj.art\/wp-content\/uploads\/2026\/02\/7-768x503.jpg 768w, https:\/\/shatranj.art\/wp-content\/uploads\/2026\/02\/7-1536x1005.jpg 1536w\" sizes=\"(max-width: 1968px) 100vw, 1968px\" \/>\t\t\t\t\t\t\t\t\t\t\t\t\t\t\t<\/div>\n\t\t\t\t<\/div>\n\t\t\t\t<div class=\"elementor-element elementor-element-a06796b elementor-widget elementor-widget-text-editor\" data-id=\"a06796b\" data-element_type=\"widget\" data-e-type=\"widget\" data-widget_type=\"text-editor.default\">\n\t\t\t\t<div class=\"elementor-widget-container\">\n\t\t\t\t\t\t\t\t\t<h3><b>Th\u1ea9m m\u1ef9 c\u1ee7a Th\u1eddi k\u1ef3 Khai s\u00e1ng: Di s\u1ea3n c\u1ee7a Philidor v\u00e0 Napoleon trong th\u1eddi k\u1ef3 R\u00e9gence<\/b><\/h3><p>L\u00e0 m\u1ed9t trong nh\u1eefng thi\u1ebft k\u1ebf danh gi\u00e1 v\u00e0 bi\u1ec3u t\u01b0\u1ee3ng nh\u1ea5t trong l\u1ecbch s\u1eed c\u1edd vua, phong c\u00e1ch R\u00e9gence l\u1ea5y t\u00ean t\u1eeb qu\u00e1n c\u00e0 ph\u00ea huy\u1ec1n tho\u1ea1i Caf\u00e9 de la R\u00e9gence \u1edf Paris. Nh\u1eefng b\u1ed9 c\u1edd n\u00e0y th\u1ec3 hi\u1ec7n th\u1eddi k\u1ef3 m\u00e0 c\u1edd vua chuy\u1ec3n t\u1eeb c\u00e1c tri\u1ec1u \u0111\u00ecnh ho\u00e0ng gia sang trung t\u00e2m tr\u00ed tu\u1ec7 c\u1ee7a ch\u00e2u \u00c2u, trang tr\u00ed cho b\u00e0n l\u00e0m vi\u1ec7c c\u1ee7a c\u00e1c nh\u00e0 tri\u1ebft h\u1ecdc, nh\u00e0 khoa h\u1ecdc v\u00e0 nh\u1eefng nh\u00e0 c\u00e1ch m\u1ea1ng. Su\u1ed1t th\u1ebf k\u1ef7 18 v\u00e0 ph\u1ea7n l\u1edbn th\u1ebf k\u1ef7 19, thi\u1ebft k\u1ebf n\u00e0y \u0111\u00e3 tr\u1edf th\u00e0nh ng\u00f4n ng\u1eef chung c\u1ee7a tr\u00f2 ch\u01a1i, ch\u1ee9ng ki\u1ebfn nh\u1eefng n\u01b0\u1edbc \u0111i chi\u1ebfn l\u01b0\u1ee3c c\u1ee7a nh\u1eefng b\u1ed9 \u00f3c \u0111\u00e3 thay \u0111\u1ed5i course c\u1ee7a l\u1ecbch s\u1eed, nh\u01b0 Napoleon Bonaparte, Benjamin Franklin v\u00e0 Voltaire.<\/p><p><span style=\"font-weight: 400;\">Trong th\u1eddi k\u1ef3 n\u00e0y, khi b\u1eadc th\u1ea7y v\u0129 \u0111\u1ea1i Fran\u00e7ois-Andr\u00e9 Danican Philidor \u0111\u00e3 cung c\u1ea5p cho tr\u00f2 ch\u01a1i m\u1ed9t n\u1ec1n t\u1ea3ng l\u00fd thuy\u1ebft hi\u1ec7n \u0111\u1ea1i, kh\u1eb3ng \u0111\u1ecbnh r\u1eb1ng... <\/span><b>\u201cT\u1ed1t l\u00e0 linh h\u1ed3n c\u1ee7a c\u1edd vua\u201d<\/b> Nh\u1eefng \u0111\u01b0\u1eddng n\u00e9t thanh m\u1ea3nh, t\u1ea7ng l\u1edbp v\u00e0 ki\u1ebfn tr\u00fac c\u1ee7a c\u00e1c t\u00e1c ph\u1ea9m R\u00e9gence \u0111\u00e3 tr\u1edf th\u00e0nh d\u1ea5u \u1ea5n th\u1ecb gi\u00e1c c\u1ee7a cu\u1ed9c c\u00e1ch m\u1ea1ng tr\u00ed tu\u1ec7 n\u00e0y. B\u1ed9 s\u01b0u t\u1eadp n\u00e0y l\u00e0 m\u1ed9t k\u00fd \u1ee9c s\u1ed1ng \u0111\u1ed9ng, mang theo di s\u1ea3n t\u1ef1 do, duy\u00ean d\u00e1ng v\u00e0 chi\u1ebfn l\u01b0\u1ee3c c\u1ee7a Th\u1eddi k\u1ef3 Khai s\u00e1ng \u0111\u1ebfn ng\u00e0y nay.<\/p>\t\t\t\t\t\t\t\t<\/div>\n\t\t\t\t<\/div>\n\t\t\t\t<div class=\"elementor-element elementor-element-9452bb3 elementor-widget elementor-widget-image\" data-id=\"9452bb3\" data-element_type=\"widget\" data-e-type=\"widget\" data-widget_type=\"image.default\">\n\t\t\t\t<div class=\"elementor-widget-container\">\n\t\t\t\t\t\t\t\t\t\t\t\t\t\t\t<img decoding=\"async\" width=\"1873\" height=\"1232\" src=\"https:\/\/shatranj.art\/wp-content\/uploads\/2026\/02\/7-1.jpg\" class=\"attachment-full size-full wp-image-813\" alt=\"\" srcset=\"https:\/\/shatranj.art\/wp-content\/uploads\/2026\/02\/7-1.jpg 1873w, https:\/\/shatranj.art\/wp-content\/uploads\/2026\/02\/7-1-300x197.jpg 300w, https:\/\/shatranj.art\/wp-content\/uploads\/2026\/02\/7-1-1024x674.jpg 1024w, https:\/\/shatranj.art\/wp-content\/uploads\/2026\/02\/7-1-768x505.jpg 768w, https:\/\/shatranj.art\/wp-content\/uploads\/2026\/02\/7-1-1536x1010.jpg 1536w\" sizes=\"(max-width: 1873px) 100vw, 1873px\" \/>\t\t\t\t\t\t\t\t\t\t\t\t\t\t\t<\/div>\n\t\t\t\t<\/div>\n\t\t\t\t<div class=\"elementor-element elementor-element-cae2144 elementor-widget elementor-widget-text-editor\" data-id=\"cae2144\" data-element_type=\"widget\" data-e-type=\"widget\" data-widget_type=\"text-editor.default\">\n\t\t\t\t<div class=\"elementor-widget-container\">\n\t\t\t\t\t\t\t\t\t<h3><b>B\u1ed9 c\u1edd vua ki\u1ec3u Regence c\u1ee7a Gi\u00e1o s\u01b0 Ti\u1ebfn s\u0129 Ahmet Tevfik Y\u00fccesoy, th\u00e0nh vi\u00ean s\u00e1ng l\u1eadp Hi\u1ec7p h\u1ed9i C\u1edd vua Istanbul (l\u00e0m b\u1eb1ng g\u1ed7 ho\u00e0ng d\u01b0\u01a1ng)<\/b><\/h3><p>B\u1ea1n c\u00f3 th\u1ec3 xem \u1ea3nh b\u1ed9 c\u1edd vua v\u00e0 b\u1ee9c th\u01b0 k\u00e8m theo d\u01b0\u1edbi \u0111\u00e2y c\u1ee7a A. Do\u011fan G\u00fcnsav g\u1eedi cho Serta\u00e7 Dalk\u0131ran. G\u00fcnsav cho bi\u1ebft b\u1ed9 c\u1edd vua n\u00e0y l\u00e0 m\u00f3n qu\u00e0 m\u00e0 gia \u0111\u00ecnh Gi\u00e1o s\u01b0 Yucesoy t\u1eb7ng cho \u00f4ng sau khi \u00f4ng Yucesoy qua \u0111\u1eddi.<\/p>\t\t\t\t\t\t\t\t<\/div>\n\t\t\t\t<\/div>\n\t\t\t\t<div class=\"elementor-element elementor-element-60a889e elementor-widget elementor-widget-image\" data-id=\"60a889e\" data-element_type=\"widget\" data-e-type=\"widget\" data-widget_type=\"image.default\">\n\t\t\t\t<div class=\"elementor-widget-container\">\n\t\t\t\t\t\t\t\t\t\t\t\t\t\t\t<img decoding=\"async\" width=\"2560\" height=\"1920\" src=\"https:\/\/shatranj.art\/wp-content\/uploads\/2026\/03\/ISD-Kurucu-uyesi-Prof.-Dr.-Ahmet-Tevfik-Yucesoyun-asirlik-simsir-agacindan-yapilmis-Rejans-Modeli-satranc-takimi-scaled.jpg\" class=\"attachment-full size-full wp-image-1885\" alt=\"\" srcset=\"https:\/\/shatranj.art\/wp-content\/uploads\/2026\/03\/ISD-Kurucu-uyesi-Prof.-Dr.-Ahmet-Tevfik-Yucesoyun-asirlik-simsir-agacindan-yapilmis-Rejans-Modeli-satranc-takimi-scaled.jpg 2560w, https:\/\/shatranj.art\/wp-content\/uploads\/2026\/03\/ISD-Kurucu-uyesi-Prof.-Dr.-Ahmet-Tevfik-Yucesoyun-asirlik-simsir-agacindan-yapilmis-Rejans-Modeli-satranc-takimi-300x225.jpg 300w, https:\/\/shatranj.art\/wp-content\/uploads\/2026\/03\/ISD-Kurucu-uyesi-Prof.-Dr.-Ahmet-Tevfik-Yucesoyun-asirlik-simsir-agacindan-yapilmis-Rejans-Modeli-satranc-takimi-1024x768.jpg 1024w, https:\/\/shatranj.art\/wp-content\/uploads\/2026\/03\/ISD-Kurucu-uyesi-Prof.-Dr.-Ahmet-Tevfik-Yucesoyun-asirlik-simsir-agacindan-yapilmis-Rejans-Modeli-satranc-takimi-768x576.jpg 768w, https:\/\/shatranj.art\/wp-content\/uploads\/2026\/03\/ISD-Kurucu-uyesi-Prof.-Dr.-Ahmet-Tevfik-Yucesoyun-asirlik-simsir-agacindan-yapilmis-Rejans-Modeli-satranc-takimi-1536x1152.jpg 1536w, https:\/\/shatranj.art\/wp-content\/uploads\/2026\/03\/ISD-Kurucu-uyesi-Prof.-Dr.-Ahmet-Tevfik-Yucesoyun-asirlik-simsir-agacindan-yapilmis-Rejans-Modeli-satranc-takimi-2048x1536.jpg 2048w, https:\/\/shatranj.art\/wp-content\/uploads\/2026\/03\/ISD-Kurucu-uyesi-Prof.-Dr.-Ahmet-Tevfik-Yucesoyun-asirlik-simsir-agacindan-yapilmis-Rejans-Modeli-satranc-takimi-16x12.jpg 16w\" sizes=\"(max-width: 2560px) 100vw, 2560px\" \/>\t\t\t\t\t\t\t\t\t\t\t\t\t\t\t<\/div>\n\t\t\t\t<\/div>\n\t\t\t\t<div class=\"elementor-element elementor-element-0b39a21 elementor-widget elementor-widget-image\" data-id=\"0b39a21\" data-element_type=\"widget\" data-e-type=\"widget\" data-widget_type=\"image.default\">\n\t\t\t\t<div class=\"elementor-widget-container\">\n\t\t\t\t\t\t\t\t\t\t\t\t\t\t\t<img loading=\"lazy\" decoding=\"async\" width=\"1700\" height=\"2338\" src=\"https:\/\/shatranj.art\/wp-content\/uploads\/2026\/03\/dogan-gunsav-in-ahmet-tevfik-yucesoy-takimi-hk-001.jpg\" class=\"attachment-full size-full wp-image-1886\" alt=\"\" srcset=\"https:\/\/shatranj.art\/wp-content\/uploads\/2026\/03\/dogan-gunsav-in-ahmet-tevfik-yucesoy-takimi-hk-001.jpg 1700w, https:\/\/shatranj.art\/wp-content\/uploads\/2026\/03\/dogan-gunsav-in-ahmet-tevfik-yucesoy-takimi-hk-001-218x300.jpg 218w, https:\/\/shatranj.art\/wp-content\/uploads\/2026\/03\/dogan-gunsav-in-ahmet-tevfik-yucesoy-takimi-hk-001-745x1024.jpg 745w, https:\/\/shatranj.art\/wp-content\/uploads\/2026\/03\/dogan-gunsav-in-ahmet-tevfik-yucesoy-takimi-hk-001-768x1056.jpg 768w, https:\/\/shatranj.art\/wp-content\/uploads\/2026\/03\/dogan-gunsav-in-ahmet-tevfik-yucesoy-takimi-hk-001-1117x1536.jpg 1117w, https:\/\/shatranj.art\/wp-content\/uploads\/2026\/03\/dogan-gunsav-in-ahmet-tevfik-yucesoy-takimi-hk-001-1489x2048.jpg 1489w, https:\/\/shatranj.art\/wp-content\/uploads\/2026\/03\/dogan-gunsav-in-ahmet-tevfik-yucesoy-takimi-hk-001-9x12.jpg 9w\" sizes=\"(max-width: 1700px) 100vw, 1700px\" \/>\t\t\t\t\t\t\t\t\t\t\t\t\t\t\t<\/div>\n\t\t\t\t<\/div>\n\t\t\t\t\t<\/div>\n\t\t\t\t<\/div>\n\t\t\t\t<\/div>","protected":false},"excerpt":{"rendered":"<p>Aesthetics of the Enlightenment: The R\u00e9gence Legacy of Philidor and Napoleon As one of the most prestigious and iconic designs in chess history, the R\u00e9gence style takes its name from the legendary Caf\u00e9 de la R\u00e9gence in Paris. These sets embody the era when chess migrated from royal courts to the intellectual heart of Europe, [&hellip;]<\/p>\n","protected":false},"author":1,"featured_media":0,"parent":743,"menu_order":0,"comment_status":"closed","ping_status":"closed","template":"","meta":{"footnotes":""},"class_list":["post-809","page","type-page","status-publish","hentry"],"_links":{"self":[{"href":"https:\/\/shatranj.art\/vi\/wp-json\/wp\/v2\/pages\/809","targetHints":{"allow":["GET"]}}],"collection":[{"href":"https:\/\/shatranj.art\/vi\/wp-json\/wp\/v2\/pages"}],"about":[{"href":"https:\/\/shatranj.art\/vi\/wp-json\/wp\/v2\/types\/page"}],"author":[{"embeddable":true,"href":"https:\/\/shatranj.art\/vi\/wp-json\/wp\/v2\/users\/1"}],"replies":[{"embeddable":true,"href":"https:\/\/shatranj.art\/vi\/wp-json\/wp\/v2\/comments?post=809"}],"version-history":[{"count":16,"href":"https:\/\/shatranj.art\/vi\/wp-json\/wp\/v2\/pages\/809\/revisions"}],"predecessor-version":[{"id":1895,"href":"https:\/\/shatranj.art\/vi\/wp-json\/wp\/v2\/pages\/809\/revisions\/1895"}],"up":[{"embeddable":true,"href":"https:\/\/shatranj.art\/vi\/wp-json\/wp\/v2\/pages\/743"}],"wp:attachment":[{"href":"https:\/\/shatranj.art\/vi\/wp-json\/wp\/v2\/media?parent=809"}],"curies":[{"name":"wp","href":"https:\/\/api.w.org\/{rel}","templated":true}]}}