{"id":817,"date":"2026-02-21T20:02:15","date_gmt":"2026-02-21T20:02:15","guid":{"rendered":"https:\/\/shatranj.art\/?page_id=817"},"modified":"2026-02-24T06:26:33","modified_gmt":"2026-02-24T06:26:33","slug":"poster-8","status":"publish","type":"page","link":"https:\/\/shatranj.art\/vi\/exhibit\/poster-8\/","title":{"rendered":"Banner 8"},"content":{"rendered":"<div data-elementor-type=\"wp-page\" data-elementor-id=\"817\" class=\"elementor elementor-817\" data-elementor-post-type=\"page\">\n\t\t\t\t<div class=\"elementor-element elementor-element-3be2f38 e-flex e-con-boxed e-con e-parent\" data-id=\"3be2f38\" data-element_type=\"container\" data-e-type=\"container\" data-settings=\"{&quot;background_background&quot;:&quot;classic&quot;}\">\n\t\t\t\t\t<div class=\"e-con-inner\">\n\t\t\t\t<div class=\"elementor-element elementor-element-18ff8b2 elementor-widget elementor-widget-image\" data-id=\"18ff8b2\" data-element_type=\"widget\" data-e-type=\"widget\" data-widget_type=\"image.default\">\n\t\t\t\t<div class=\"elementor-widget-container\">\n\t\t\t\t\t\t\t\t\t\t\t\t\t\t\t<img fetchpriority=\"high\" decoding=\"async\" width=\"480\" height=\"321\" src=\"https:\/\/shatranj.art\/wp-content\/uploads\/2026\/02\/bobby-fischer-dubrovnik.jpg\" class=\"attachment-full size-full wp-image-1458\" alt=\"\" srcset=\"https:\/\/shatranj.art\/wp-content\/uploads\/2026\/02\/bobby-fischer-dubrovnik.jpg 480w, https:\/\/shatranj.art\/wp-content\/uploads\/2026\/02\/bobby-fischer-dubrovnik-300x201.jpg 300w, https:\/\/shatranj.art\/wp-content\/uploads\/2026\/02\/bobby-fischer-dubrovnik-18x12.jpg 18w\" sizes=\"(max-width: 480px) 100vw, 480px\" \/>\t\t\t\t\t\t\t\t\t\t\t\t\t\t\t<\/div>\n\t\t\t\t<\/div>\n\t\t\t\t<div class=\"elementor-element elementor-element-cec26d3 elementor-widget elementor-widget-image\" data-id=\"cec26d3\" data-element_type=\"widget\" data-e-type=\"widget\" data-widget_type=\"image.default\">\n\t\t\t\t<div class=\"elementor-widget-container\">\n\t\t\t\t\t\t\t\t\t\t\t\t\t\t\t<img decoding=\"async\" width=\"964\" height=\"582\" src=\"https:\/\/shatranj.art\/wp-content\/uploads\/2026\/02\/8.png\" class=\"attachment-full size-full wp-image-820\" alt=\"\" srcset=\"https:\/\/shatranj.art\/wp-content\/uploads\/2026\/02\/8.png 964w, https:\/\/shatranj.art\/wp-content\/uploads\/2026\/02\/8-300x181.png 300w, https:\/\/shatranj.art\/wp-content\/uploads\/2026\/02\/8-768x464.png 768w\" sizes=\"(max-width: 964px) 100vw, 964px\" \/>\t\t\t\t\t\t\t\t\t\t\t\t\t\t\t<\/div>\n\t\t\t\t<\/div>\n\t\t\t\t<div class=\"elementor-element elementor-element-411e3a4 elementor-widget__width-initial elementor-widget elementor-widget-text-editor\" data-id=\"411e3a4\" data-element_type=\"widget\" data-e-type=\"widget\" data-widget_type=\"text-editor.default\">\n\t\t\t\t<div class=\"elementor-widget-container\">\n\t\t\t\t\t\t\t\t\t<p><b>V\u01b0\u1ee3t ra ngo\u00e0i c\u00e1c h\u1ec7 t\u01b0 t\u01b0\u1edfng: B\u1ed9 s\u01b0u t\u1eadp Dubrovnik n\u0103m 1950<\/b><\/p><p>\u0110\u01b0\u1ee3c t\u1ea1o ra \u0111\u1eb7c bi\u1ec7t cho \u0110\u1ea1i h\u1ed9i C\u1edd vua l\u1ea7n th\u1ee9 9 n\u0103m 1950 t\u1ea1i Nam T\u01b0, b\u1ed9 c\u1edd n\u00e0y \u0111\u1ea1i di\u1ec7n cho m\u1ed9t trong nh\u1eefng cu\u1ed9c c\u00e1ch m\u1ea1ng thi\u1ebft k\u1ebf t\u00e1o b\u1ea1o nh\u1ea5t trong l\u1ecbch s\u1eed c\u1edd vua. \u0110\u01b0\u1ee3c thi\u1ebft k\u1ebf b\u1edfi h\u1ecda s\u0129 v\u00e0 \u0111i\u00eau kh\u1eafc gia Montenegro Petar Po\u010dek, b\u1ed9 c\u1edd n\u00e0y nh\u1eb1m m\u1ee5c \u0111\u00edch \u0111o\u00e0n k\u1ebft th\u1ebf gi\u1edbi th\u00f4ng qua s\u1ee9c m\u1ea1nh g\u1eafn k\u1ebft c\u1ee7a tr\u00f2 ch\u01a1i sau Chi\u1ebfn tranh Th\u1ebf gi\u1edbi th\u1ee9 Hai. V\u1edbi m\u1ee5c ti\u00eau n\u00e0y, t\u1ea5t c\u1ea3 c\u00e1c bi\u1ec3u t\u01b0\u1ee3ng t\u00f4n gi\u00e1o \u0111\u00e3 \u0111\u01b0\u1ee3c lo\u1ea1i b\u1ecf m\u1ed9t c\u00e1ch c\u00f3 ch\u1ee7 \u0111\u00edch: c\u00e2y th\u00e1nh gi\u00e1 truy\u1ec1n th\u1ed1ng tr\u00ean \u0111\u1ea7u Vua \u0111\u01b0\u1ee3c thay th\u1ebf b\u1eb1ng m\u1ed9t qu\u1ea3 c\u1ea7u \u0111\u01a1n gi\u1ea3n, v\u00e0 v\u1ebft kh\u00eda tr\u00ean T\u01b0\u1ee3ng t\u01b0\u1ee3ng tr\u01b0ng cho m\u0169 c\u1ee7a linh m\u1ee5c \u0111\u00e3 b\u1ecb lo\u1ea1i b\u1ecf.<\/p><p>Thi\u1ebft k\u1ebf \u201cth\u1ebf t\u1ee5c\u201d v\u00e0 bao tr\u00f9m n\u00e0y \u0111\u00e3 bi\u1ebfn c\u1edd vua t\u1eeb m\u1ed9t bi\u1ec3u t\u01b0\u1ee3ng c\u1ee7a c\u00e1c t\u00f4n gi\u00e1o c\u1ee5 th\u1ec3 th\u00e0nh m\u1ed9t t\u00e1c ph\u1ea9m ngh\u1ec7 thu\u1eadt ph\u1ed5 qu\u00e1t. \u0110\u01b0\u1ee3c Bobby Fischer y\u00eau th\u00edch \u0111\u1ebfn m\u1ee9c g\u1ecdi l\u00e0 \u201cb\u1ed9 c\u1edd t\u1ed1t nh\u1ea5t m\u00e0 t\u00f4i t\u1eebng ch\u01a1i\u201d, \u0111\u1ebfn n\u1ed7i \u00f4ng ki\u00ean quy\u1ebft s\u1eed d\u1ee5ng n\u00f3 cho tr\u1eadn t\u00e1i \u0111\u1ea5u l\u1ecbch s\u1eed n\u0103m 1992 v\u1edbi Spassky, thi\u1ebft k\u1ebf n\u00e0y t\u01b0\u1ee3ng tr\u01b0ng cho m\u1ed9t l\u1eddi h\u1ee9a th\u1ea9m m\u1ef9 s\u00e2u s\u1eafc v\u1ec1 s\u1ef1 tinh x\u1ea3o trong ch\u1ebf t\u00e1c, h\u01b0\u1edbng t\u1edbi m\u1ed9t t\u01b0\u01a1ng lai h\u00f2a b\u00ecnh v\u00e0 hi\u1ec7n \u0111\u1ea1i.<\/p>\t\t\t\t\t\t\t\t<\/div>\n\t\t\t\t<\/div>\n\t\t<div class=\"elementor-element elementor-element-8bffdfb e-con-full e-flex e-con e-child\" data-id=\"8bffdfb\" data-element_type=\"container\" data-e-type=\"container\">\n\t\t\t\t<div class=\"elementor-element elementor-element-e67be09 elementor-widget__width-initial elementor-widget elementor-widget-image\" data-id=\"e67be09\" data-element_type=\"widget\" data-e-type=\"widget\" data-widget_type=\"image.default\">\n\t\t\t\t<div class=\"elementor-widget-container\">\n\t\t\t\t\t\t\t\t\t\t\t\t\t\t\t<img decoding=\"async\" width=\"1028\" height=\"817\" src=\"https:\/\/shatranj.art\/wp-content\/uploads\/2026\/02\/8.jpg\" class=\"attachment-full size-full wp-image-821\" alt=\"\" srcset=\"https:\/\/shatranj.art\/wp-content\/uploads\/2026\/02\/8.jpg 1028w, https:\/\/shatranj.art\/wp-content\/uploads\/2026\/02\/8-300x238.jpg 300w, https:\/\/shatranj.art\/wp-content\/uploads\/2026\/02\/8-1024x814.jpg 1024w, https:\/\/shatranj.art\/wp-content\/uploads\/2026\/02\/8-768x610.jpg 768w\" sizes=\"(max-width: 1028px) 100vw, 1028px\" \/>\t\t\t\t\t\t\t\t\t\t\t\t\t\t\t<\/div>\n\t\t\t\t<\/div>\n\t\t\t\t<div class=\"elementor-element elementor-element-f215331 elementor-widget__width-initial elementor-widget elementor-widget-text-editor\" data-id=\"f215331\" data-element_type=\"widget\" data-e-type=\"widget\" data-widget_type=\"text-editor.default\">\n\t\t\t\t<div class=\"elementor-widget-container\">\n\t\t\t\t\t\t\t\t\t<p><b>Ni\u1ec1m \u0111am m\u00ea v\u01b0\u1ee3t bi\u00ean gi\u1edbi: Di s\u1ea3n c\u1edd vua c\u1ee7a Subotica<\/b><\/p><p>\u0110\u01b0\u1ee3c t\u1ea1o ra t\u1ea1i th\u1ecb tr\u1ea5n bi\u00ean gi\u1edbi Subotica v\u00e0 ch\u1ebf t\u00e1c t\u1ea1i c\u00e1c x\u01b0\u1edfng Subozan n\u1ed5i ti\u1ebfng, b\u1ed9 c\u1edd n\u00e0y l\u00e0 bi\u1ec3u t\u01b0\u1ee3ng m\u1ea1nh m\u1ebd cho th\u1eddi k\u1ef3 ho\u00e0ng kim c\u1ee7a Nam T\u01b0 trong th\u1ebf gi\u1edbi c\u1edd vua. Nh\u1eefng qu\u00e2n c\u1edd n\u00e0y \u0111\u1ea1i di\u1ec7n cho m\u1ed9t th\u1eddi k\u1ef3 m\u00e0 c\u1edd vua \u0111\u00e3 tr\u1edf th\u00e0nh m\u1ed9t ph\u1ea7n c\u1ee7a v\u0103n h\u00f3a d\u00e2n gian \u0111\u00edch th\u1ef1c, c\u00f3 m\u1eb7t trong m\u1ecdi gia \u0111\u00ecnh, tr\u01b0\u1eddng h\u1ecdc v\u00e0 c\u00f4ng vi\u00ean c\u00f4ng c\u1ed9ng. V\u1edbi v\u1ebb \u0111\u1eb9p \u0111\u01a1n gi\u1ea3n, b\u1ec1n b\u1ec9 v\u00e0 trang nh\u00e3 c\u1ee7a ngh\u1ec7 thu\u1eadt th\u1ee7 c\u00f4ng Balkan, ch\u00fang k\u1ec3 l\u1ea1i c\u00e2u chuy\u1ec7n v\u1ec1 c\u00e1ch c\u1edd vua \u0111\u00e3 chuy\u1ec3n t\u1eeb m\u1ed9t s\u1edf th\u00edch c\u1ee7a gi\u1edbi th\u01b0\u1ee3ng l\u01b0u th\u00e0nh m\u1ed9t ng\u00f4n ng\u1eef x\u00e3 h\u1ed9i chung, k\u1ebft n\u1ed1i m\u1ecdi t\u1ea7ng l\u1edbp trong x\u00e3 h\u1ed9i. B\u1ed9 c\u1edd Subotica v\u1eabn l\u00e0 m\u1ed9t c\u00e2y c\u1ea7u v\u0103n h\u00f3a b\u1ea5t h\u1ee7, n\u01a1i ngh\u1ec7 thu\u1eadt v\u00e0 chi\u1ebfn l\u01b0\u1ee3c h\u00f2a quy\u1ec7n.<\/p>\t\t\t\t\t\t\t\t<\/div>\n\t\t\t\t<\/div>\n\t\t\t\t<\/div>\n\t\t\t\t\t<\/div>\n\t\t\t\t<\/div>\n\t\t\t\t<\/div>","protected":false},"excerpt":{"rendered":"<p>Beyond Ideologies: The 1950 Dubrovnik Set Specially created for the 9th Chess Olympiad in 1950 in Yugoslavia, this set represents one of the most radical design revolutions in chess history. Designed by Montenegrin painter and sculptor Petar Po\u010dek, the set aimed to reunite the world through the unifying power of play following the Second World [&hellip;]<\/p>\n","protected":false},"author":1,"featured_media":0,"parent":743,"menu_order":0,"comment_status":"closed","ping_status":"closed","template":"","meta":{"footnotes":""},"class_list":["post-817","page","type-page","status-publish","hentry"],"_links":{"self":[{"href":"https:\/\/shatranj.art\/vi\/wp-json\/wp\/v2\/pages\/817","targetHints":{"allow":["GET"]}}],"collection":[{"href":"https:\/\/shatranj.art\/vi\/wp-json\/wp\/v2\/pages"}],"about":[{"href":"https:\/\/shatranj.art\/vi\/wp-json\/wp\/v2\/types\/page"}],"author":[{"embeddable":true,"href":"https:\/\/shatranj.art\/vi\/wp-json\/wp\/v2\/users\/1"}],"replies":[{"embeddable":true,"href":"https:\/\/shatranj.art\/vi\/wp-json\/wp\/v2\/comments?post=817"}],"version-history":[{"count":13,"href":"https:\/\/shatranj.art\/vi\/wp-json\/wp\/v2\/pages\/817\/revisions"}],"predecessor-version":[{"id":1461,"href":"https:\/\/shatranj.art\/vi\/wp-json\/wp\/v2\/pages\/817\/revisions\/1461"}],"up":[{"embeddable":true,"href":"https:\/\/shatranj.art\/vi\/wp-json\/wp\/v2\/pages\/743"}],"wp:attachment":[{"href":"https:\/\/shatranj.art\/vi\/wp-json\/wp\/v2\/media?parent=817"}],"curies":[{"name":"wp","href":"https:\/\/api.w.org\/{rel}","templated":true}]}}