{"id":894,"date":"2026-02-22T08:28:54","date_gmt":"2026-02-22T08:28:54","guid":{"rendered":"https:\/\/shatranj.art\/?page_id=894"},"modified":"2026-02-23T04:42:50","modified_gmt":"2026-02-23T04:42:50","slug":"poster-10","status":"publish","type":"page","link":"https:\/\/shatranj.art\/vi\/exhibit\/poster-10\/","title":{"rendered":"Poster 10"},"content":{"rendered":"<div data-elementor-type=\"wp-page\" data-elementor-id=\"894\" class=\"elementor elementor-894\" data-elementor-post-type=\"page\">\n\t\t\t\t<div class=\"elementor-element elementor-element-96a2a82 e-flex e-con-boxed e-con e-parent\" data-id=\"96a2a82\" data-element_type=\"container\" data-e-type=\"container\" data-settings=\"{&quot;background_background&quot;:&quot;classic&quot;}\">\n\t\t\t\t\t<div class=\"e-con-inner\">\n\t\t<div class=\"elementor-element elementor-element-7a9d5df e-con-full e-flex e-con e-child\" data-id=\"7a9d5df\" data-element_type=\"container\" data-e-type=\"container\">\n\t\t\t\t<div class=\"elementor-element elementor-element-4c3a07b elementor-widget__width-initial elementor-widget elementor-widget-text-editor\" data-id=\"4c3a07b\" data-element_type=\"widget\" data-e-type=\"widget\" data-widget_type=\"text-editor.default\">\n\t\t\t\t<div class=\"elementor-widget-container\">\n\t\t\t\t\t\t\t\t\t<p><strong>Cu\u1ed9c g\u1eb7p g\u1ee1 tr\u00ed tu\u1ec7: Nh\u1eefng n\u1eef k\u1ef3 th\u1ee7 c\u1edd vua th\u1eddi Trung C\u1ed5<\/strong><\/p><p>\u00a0<\/p><p>T\u00e1c ph\u1ea9m mini hi\u1ebfm c\u00f3 n\u00e0y t\u1eeb b\u1ea3n th\u1ea3o n\u0103m 1283 \u201cLibro de los Juegos\u201d tr\u00ecnh b\u00e0y m\u1ed9t trong nh\u1eefng h\u00ecnh \u1ea3nh m\u1ea1nh m\u1ebd nh\u1ea5t v\u1ec1 ph\u1ee5 n\u1eef trong l\u1ecbch s\u1eed c\u1edd vua. Hai nh\u00e2n v\u1eadt n\u00e0y, t\u1eadp trung v\u00e0o tr\u00f2 ch\u01a1i v\u1edbi chi\u1ec1u s\u00e2u chi\u1ebfn l\u01b0\u1ee3c d\u01b0\u1edbi b\u00f3ng r\u00e2m c\u1ee7a m\u1ed9t chi\u1ebfc l\u1ec1u, t\u01b0\u1ee3ng tr\u01b0ng cho s\u1ef1 k\u1ebft h\u1ee3p c\u1ee7a tr\u00ed tu\u1ec7 v\u01b0\u1ee3t qua ranh gi\u1edbi x\u00e3 h\u1ed9i v\u00e0 t\u00f4n gi\u00e1o c\u1ee7a th\u1eddi \u0111\u1ea1i. Th\u1ec3 hi\u1ec7n tinh th\u1ea7n \u0111a v\u0103n h\u00f3a \"Convivencia\" c\u1ee7a Al Andalus, t\u00e1c ph\u1ea9m n\u00e0y ch\u1ee9ng minh r\u1eb1ng c\u1edd vua kh\u00f4ng ch\u1ec9 l\u00e0 m\u1ed9t tr\u00f2 gi\u1ea3i tr\u00ed c\u1ee7a gi\u1edbi qu\u00fd t\u1ed9c, m\u00e0 c\u00f2n l\u00e0 kh\u00f4ng gian bi\u1ec3u \u0111\u1ea1t ph\u1ed5 qu\u00e1t n\u01a1i ph\u1ee5 n\u1eef th\u1ec3 hi\u1ec7n tr\u00ed tu\u1ec7 c\u1ee7a m\u00ecnh. \u0110i\u1ec1u \u0111\u01b0\u1ee3c th\u1ec3 hi\u1ec7n t\u1ea1i b\u00e0n c\u1edd n\u00e0y l\u00e0 cu\u1ed9c \u0111\u1ed1i tho\u1ea1i v\u0103n minh gi\u1eefa nh\u1eefng ng\u01b0\u1eddi ph\u1ee5 n\u1eef thu\u1ed9c c\u00e1c t\u00f4n gi\u00e1o v\u00e0 v\u0103n h\u00f3a kh\u00e1c nhau, g\u1eb7p g\u1ee1 trong th\u1ebf gi\u1edbi c\u00f4ng b\u1eb1ng v\u00e0 c\u00f3 c\u1ea5u tr\u00fac c\u1ee7a tr\u00f2 ch\u01a1i.<\/p>\t\t\t\t\t\t\t\t<\/div>\n\t\t\t\t<\/div>\n\t\t\t\t<div class=\"elementor-element elementor-element-0b75406 elementor-widget__width-initial elementor-widget elementor-widget-image\" data-id=\"0b75406\" data-element_type=\"widget\" data-e-type=\"widget\" data-widget_type=\"image.default\">\n\t\t\t\t<div class=\"elementor-widget-container\">\n\t\t\t\t\t\t\t\t\t\t\t\t\t\t\t<img fetchpriority=\"high\" decoding=\"async\" width=\"800\" height=\"570\" src=\"https:\/\/shatranj.art\/wp-content\/uploads\/2026\/02\/10-1024x730.jpg\" class=\"attachment-large size-large wp-image-900\" alt=\"\" srcset=\"https:\/\/shatranj.art\/wp-content\/uploads\/2026\/02\/10-1024x730.jpg 1024w, https:\/\/shatranj.art\/wp-content\/uploads\/2026\/02\/10-300x214.jpg 300w, https:\/\/shatranj.art\/wp-content\/uploads\/2026\/02\/10-768x548.jpg 768w, https:\/\/shatranj.art\/wp-content\/uploads\/2026\/02\/10.jpg 1474w\" sizes=\"(max-width: 800px) 100vw, 800px\" \/>\t\t\t\t\t\t\t\t\t\t\t\t\t\t\t<\/div>\n\t\t\t\t<\/div>\n\t\t\t\t<div class=\"elementor-element elementor-element-58f2c39 elementor-widget__width-initial elementor-widget elementor-widget-image\" data-id=\"58f2c39\" data-element_type=\"widget\" data-e-type=\"widget\" data-widget_type=\"image.default\">\n\t\t\t\t<div class=\"elementor-widget-container\">\n\t\t\t\t\t\t\t\t\t\t\t\t\t\t\t<img decoding=\"async\" width=\"800\" height=\"450\" src=\"https:\/\/shatranj.art\/wp-content\/uploads\/2026\/02\/10-1-1024x576.jpg\" class=\"attachment-large size-large wp-image-901\" alt=\"\" srcset=\"https:\/\/shatranj.art\/wp-content\/uploads\/2026\/02\/10-1-1024x576.jpg 1024w, https:\/\/shatranj.art\/wp-content\/uploads\/2026\/02\/10-1-300x169.jpg 300w, https:\/\/shatranj.art\/wp-content\/uploads\/2026\/02\/10-1-768x432.jpg 768w, https:\/\/shatranj.art\/wp-content\/uploads\/2026\/02\/10-1.jpg 1534w\" sizes=\"(max-width: 800px) 100vw, 800px\" \/>\t\t\t\t\t\t\t\t\t\t\t\t\t\t\t<\/div>\n\t\t\t\t<\/div>\n\t\t\t\t<div class=\"elementor-element elementor-element-41081fb elementor-widget__width-initial elementor-widget elementor-widget-text-editor\" data-id=\"41081fb\" data-element_type=\"widget\" data-e-type=\"widget\" data-widget_type=\"text-editor.default\">\n\t\t\t\t<div class=\"elementor-widget-container\">\n\t\t\t\t\t\t\t\t\t<p><b>\u0110\u00e1nh b\u1ea1i \u0111\u1ecbnh ki\u1ebfn: <\/b><b>C\u1ea7u V\u0103n h\u00f3a Al-Andalus<\/b><\/p><p>\u00a0<\/p><p>C\u1ea3nh t\u01b0\u1ee3ng \u1ea5n t\u01b0\u1ee3ng n\u00e0y t\u1eeb b\u1ea3n th\u1ea3o n\u0103m 1283 \"Libro de los Juegos\" \u0111\u00e3 h\u00f2a quy\u1ec7n b\u1ee9c tranh \u0111a v\u0103n h\u00f3a c\u1ee7a th\u1eddi Trung C\u1ed5 l\u00ean m\u1ed9t b\u00e0n c\u1edd duy nh\u1ea5t. H\u00ecnh \u1ea3nh m\u1ed9t ng\u01b0\u1eddi H\u1ed3i gi\u00e1o v\u00e0 m\u1ed9t ng\u01b0\u1eddi Do Th\u00e1i g\u00e1c l\u1ea1i r\u00e0o c\u1ea3n t\u00f4n gi\u00e1o v\u00e0 x\u00e3 h\u1ed9i \u0111\u1ec3 tham gia v\u00e0o m\u1ed9t cu\u1ed9c \u0111\u1ea5u tr\u00ed, minh ch\u1ee9ng cho s\u1ee9c m\u1ea1nh th\u1ebf t\u1ee5c v\u00e0 ph\u1ed5 qu\u00e1t c\u1ee7a c\u1edd vua. C\u00e1c qu\u00e2n c\u1edd \u0111\u1ea1i di\u1ec7n cho di s\u1ea3n v\u0103n h\u00f3a th\u1ed1ng nh\u1ea5t c\u1ee7a \u0110\u1ecba Trung H\u1ea3i, B\u1eafc Phi v\u00e0 Trung \u0110\u00f4ng, v\u1edbi nh\u1eefng h\u00ecnh d\u1ea1ng tr\u1eebu t\u01b0\u1ee3ng v\u00e0 h\u00ecnh h\u1ecdc ho\u00e0n to\u00e0n lo\u1ea1i b\u1ecf bi\u1ec3u t\u01b0\u1ee3ng t\u00f4n gi\u00e1o. Tri\u1ebft l\u00fd thi\u1ebft k\u1ebf to\u00e0n di\u1ec7n n\u00e0y cho ph\u00e9p ng\u01b0\u1eddi ch\u01a1i t\u1eadp trung ho\u00e0n to\u00e0n v\u00e0o lu\u1eadt ch\u01a1i v\u00e0 tr\u00ed tu\u1ec7 c\u1ee7a nhau, bi\u1ebfn b\u00e0n c\u1edd th\u00e0nh m\u1ed9t kh\u00f4ng gian trung l\u1eadp th\u1ef1c s\u1ef1. Cu\u1ed9c \u0111\u1ed1i tho\u1ea1i v\u0103n minh \u0111\u01b0\u1ee3c thi\u1ebft l\u1eadp t\u1ea1i b\u00e0n c\u1edd n\u00e0y t\u01b0\u1ee3ng tr\u01b0ng cho s\u1ee9c m\u1ea1nh th\u1ed1ng nh\u1ea5t c\u1ee7a ngh\u1ec7 thu\u1eadt v\u00e0 chi\u1ebfn l\u01b0\u1ee3c.<\/p>\t\t\t\t\t\t\t\t<\/div>\n\t\t\t\t<\/div>\n\t\t\t\t<\/div>\n\t\t\t\t\t<\/div>\n\t\t\t\t<\/div>\n\t\t\t\t<\/div>","protected":false},"excerpt":{"rendered":"<p>An Intellectual Encounter: The Female Chess Players of the Middle Ages \u00a0 This rare miniature from the 1283 manuscript Libro de los Juegos features one of the most powerful depictions of women in chess history. Focused on the game with strategic depth under the shade of a tent, these two figures represent a union of [&hellip;]<\/p>\n","protected":false},"author":1,"featured_media":0,"parent":743,"menu_order":0,"comment_status":"closed","ping_status":"closed","template":"","meta":{"footnotes":""},"class_list":["post-894","page","type-page","status-publish","hentry"],"_links":{"self":[{"href":"https:\/\/shatranj.art\/vi\/wp-json\/wp\/v2\/pages\/894","targetHints":{"allow":["GET"]}}],"collection":[{"href":"https:\/\/shatranj.art\/vi\/wp-json\/wp\/v2\/pages"}],"about":[{"href":"https:\/\/shatranj.art\/vi\/wp-json\/wp\/v2\/types\/page"}],"author":[{"embeddable":true,"href":"https:\/\/shatranj.art\/vi\/wp-json\/wp\/v2\/users\/1"}],"replies":[{"embeddable":true,"href":"https:\/\/shatranj.art\/vi\/wp-json\/wp\/v2\/comments?post=894"}],"version-history":[{"count":7,"href":"https:\/\/shatranj.art\/vi\/wp-json\/wp\/v2\/pages\/894\/revisions"}],"predecessor-version":[{"id":1198,"href":"https:\/\/shatranj.art\/vi\/wp-json\/wp\/v2\/pages\/894\/revisions\/1198"}],"up":[{"embeddable":true,"href":"https:\/\/shatranj.art\/vi\/wp-json\/wp\/v2\/pages\/743"}],"wp:attachment":[{"href":"https:\/\/shatranj.art\/vi\/wp-json\/wp\/v2\/media?parent=894"}],"curies":[{"name":"wp","href":"https:\/\/api.w.org\/{rel}","templated":true}]}}