{"id":945,"date":"2026-02-22T14:34:32","date_gmt":"2026-02-22T14:34:32","guid":{"rendered":"https:\/\/shatranj.art\/?page_id=945"},"modified":"2026-02-23T10:43:41","modified_gmt":"2026-02-23T10:43:41","slug":"poster-15","status":"publish","type":"page","link":"https:\/\/shatranj.art\/vi\/exhibit\/poster-15\/","title":{"rendered":"Poster 15"},"content":{"rendered":"<div data-elementor-type=\"wp-page\" data-elementor-id=\"945\" class=\"elementor elementor-945\" data-elementor-post-type=\"page\">\n\t\t\t\t<div class=\"elementor-element elementor-element-8fd0c1a e-flex e-con-boxed e-con e-parent\" data-id=\"8fd0c1a\" data-element_type=\"container\" data-e-type=\"container\" data-settings=\"{&quot;background_background&quot;:&quot;classic&quot;}\">\n\t\t\t\t\t<div class=\"e-con-inner\">\n\t\t<div class=\"elementor-element elementor-element-a491ef7 e-con-full e-flex e-con e-child\" data-id=\"a491ef7\" data-element_type=\"container\" data-e-type=\"container\">\n\t\t\t\t<div class=\"elementor-element elementor-element-25c1e59 elementor-widget elementor-widget-image\" data-id=\"25c1e59\" data-element_type=\"widget\" data-e-type=\"widget\" data-widget_type=\"image.default\">\n\t\t\t\t<div class=\"elementor-widget-container\">\n\t\t\t\t\t\t\t\t\t\t\t\t\t\t\t<img fetchpriority=\"high\" decoding=\"async\" width=\"2400\" height=\"1350\" src=\"https:\/\/shatranj.art\/wp-content\/uploads\/2026\/02\/17.jpg\" class=\"attachment-full size-full wp-image-965\" alt=\"\" srcset=\"https:\/\/shatranj.art\/wp-content\/uploads\/2026\/02\/17.jpg 2400w, https:\/\/shatranj.art\/wp-content\/uploads\/2026\/02\/17-300x169.jpg 300w, https:\/\/shatranj.art\/wp-content\/uploads\/2026\/02\/17-1024x576.jpg 1024w, https:\/\/shatranj.art\/wp-content\/uploads\/2026\/02\/17-768x432.jpg 768w, https:\/\/shatranj.art\/wp-content\/uploads\/2026\/02\/17-1536x864.jpg 1536w, https:\/\/shatranj.art\/wp-content\/uploads\/2026\/02\/17-2048x1152.jpg 2048w\" sizes=\"(max-width: 2400px) 100vw, 2400px\" \/>\t\t\t\t\t\t\t\t\t\t\t\t\t\t\t<\/div>\n\t\t\t\t<\/div>\n\t\t\t\t<div class=\"elementor-element elementor-element-ede708d elementor-widget elementor-widget-text-editor\" data-id=\"ede708d\" data-element_type=\"widget\" data-e-type=\"widget\" data-widget_type=\"text-editor.default\">\n\t\t\t\t<div class=\"elementor-widget-container\">\n\t\t\t\t\t\t\t\t\t<h3><b>C\u1edd T\u01b0\u1edbng Th\u1ed5 Nh\u0129 K\u1ef3 Truy\u1ec1n Th\u1ed1ng: Di S\u1ea3n Chi\u1ebfn L\u01b0\u1ee3c c\u1ee7a Urfa<\/b><\/h3><p>Tr\u1eadn \u0111\u1ea5u im l\u1eb7ng c\u1ee7a c\u00e1c qu\u00e1n c\u00e0 ph\u00ea C\u1edd T\u01b0\u1edbng Th\u1ed5 Nh\u0129 K\u1ef3 (Dama) l\u00e0 m\u1ed9t b\u1ed9 m\u00f4n tr\u00ed tu\u1ec7 Anatolia c\u00f3 nh\u1eefng quy t\u1eafc \u0111\u1ed9c \u0111\u00e1o, kh\u00e1c bi\u1ec7t so v\u1edbi c\u00e1c bi\u1ebfn th\u1ec3 ph\u01b0\u01a1ng T\u00e2y. Trong phi\u00ean b\u1ea3n n\u00e0y, c\u00e1c qu\u00e2n c\u1edd di chuy\u1ec3n theo h\u01b0\u1edbng vu\u00f4ng g\u00f3c v\u1ec1 ph\u00eda tr\u01b0\u1edbc v\u00e0 sang hai b\u00ean thay v\u00ec ch\u00e9o, t\u1ea1o n\u00ean m\u1ed9t chi\u1ebfn l\u01b0\u1ee3c tuy\u1ebfn t\u00ednh v\u00e0 quy\u1ebft li\u1ec7t h\u01a1n nhi\u1ec1u. \u1ede nh\u1eefng th\u00e0nh ph\u1ed1 c\u1ed5 nh\u01b0 \u015eanl\u0131urfa, Dama kh\u00f4ng ch\u1ec9 l\u00e0 cu\u1ed9c thi gi\u1eefa hai ng\u01b0\u1eddi ch\u01a1i; \u0111\u00f3 l\u00e0 m\u1ed9t nghi l\u1ec5 x\u00e3 h\u1ed9i t\u1eadp th\u1ec3, \u0111i k\u00e8m v\u1edbi h\u01b0\u01a1ng th\u01a1m c\u1ee7a tr\u00e0 pha, b\u00ecnh lu\u1eadn c\u1ee7a kh\u00e1n gi\u1ea3 v\u00e0 h\u00e0ng gi\u1edd ph\u00e2n t\u00edch s\u00e2u s\u1eafc.<\/p><p>V\u0103n h\u00f3a c\u1ee7a s\u1ef1 tinh th\u00f4ng v\u00e0 t\u1ea7m nh\u00ecn xa Trong v\u0103n h\u00f3a Dama c\u1ee7a Urfa, s\u1ef1 v\u0129 \u0111\u1ea1i c\u1ee7a m\u1ed9t ng\u01b0\u1eddi ch\u01a1i kh\u00f4ng ch\u1ec9 \u0111\u01b0\u1ee3c \u0111o l\u01b0\u1eddng b\u1eb1ng chi\u1ebfn th\u1eafng, m\u00e0 c\u00f2n b\u1eb1ng kh\u1ea3 n\u0103ng \u201cnh\u00ecn\u201d \u0111\u01b0\u1ee3c bao nhi\u00eau n\u01b0\u1edbc \u0111i ph\u00eda tr\u01b0\u1edbc. Tr\u1eadn \u0111\u1ea5u \u0111\u1ed1i x\u1ee9ng v\u1edbi 16 qu\u00e2n c\u1edd \u0111\u1ea1t \u0111\u1ebfn \u0111\u1ec9nh \u0111i\u1ec3m khi m\u1ed9t qu\u00e2n c\u1edd duy nh\u1ea5t ti\u1ebfn \u0111\u1ebfn h\u00e0ng cu\u1ed1i c\u00f9ng \u0111\u1ec3 tr\u1edf th\u00e0nh \u201cDama\u201d (Vua), t\u1eeb \u0111\u00f3 c\u00f3 quy\u1ec1n ki\u1ec3m so\u00e1t to\u00e0n b\u1ed9 b\u00e0n c\u1edd. Kh\u00e1ng c\u1ef1 l\u1ea1i l\u00e0n s\u00f3ng s\u1ed1 h\u00f3a c\u1ee7a th\u1ebf k\u1ef7 21, truy\u1ec1n th\u1ed1ng n\u00e0y v\u1eabn l\u00e0 b\u00e0i h\u1ecdc s\u1ed1ng \u0111\u1ed9ng v\u1ec1 s\u1ef1 ki\u00ean nh\u1eabn v\u00e0 t\u1ea7m nh\u00ecn xa, \u0111\u01b0\u1ee3c truy\u1ec1n l\u1ea1i qua c\u00e1c th\u1ebf h\u1ec7 trong nh\u1eefng khu ch\u1ee3 l\u1ecbch s\u1eed c\u1ee7a Urfa.\u00a0<\/p>\t\t\t\t\t\t\t\t<\/div>\n\t\t\t\t<\/div>\n\t\t\t\t<\/div>\n\t\t\t\t\t<\/div>\n\t\t\t\t<\/div>\n\t\t\t\t<\/div>","protected":false},"excerpt":{"rendered":"<p>Traditional Turkish Draughts: The Strategic Heritage of Urfa The Silent Duel of the Coffeehouses Turkish Draughts (Dama) is an Anatolian intellectual discipline that stands apart from its Western counterparts through its unique rules. In this version, pieces move orthogonally forwards and sideways rather than diagonally, creating a linear and far more aggressive strategic landscape. In [&hellip;]<\/p>\n","protected":false},"author":1,"featured_media":0,"parent":743,"menu_order":0,"comment_status":"closed","ping_status":"closed","template":"","meta":{"footnotes":""},"class_list":["post-945","page","type-page","status-publish","hentry"],"_links":{"self":[{"href":"https:\/\/shatranj.art\/vi\/wp-json\/wp\/v2\/pages\/945","targetHints":{"allow":["GET"]}}],"collection":[{"href":"https:\/\/shatranj.art\/vi\/wp-json\/wp\/v2\/pages"}],"about":[{"href":"https:\/\/shatranj.art\/vi\/wp-json\/wp\/v2\/types\/page"}],"author":[{"embeddable":true,"href":"https:\/\/shatranj.art\/vi\/wp-json\/wp\/v2\/users\/1"}],"replies":[{"embeddable":true,"href":"https:\/\/shatranj.art\/vi\/wp-json\/wp\/v2\/comments?post=945"}],"version-history":[{"count":25,"href":"https:\/\/shatranj.art\/vi\/wp-json\/wp\/v2\/pages\/945\/revisions"}],"predecessor-version":[{"id":1429,"href":"https:\/\/shatranj.art\/vi\/wp-json\/wp\/v2\/pages\/945\/revisions\/1429"}],"up":[{"embeddable":true,"href":"https:\/\/shatranj.art\/vi\/wp-json\/wp\/v2\/pages\/743"}],"wp:attachment":[{"href":"https:\/\/shatranj.art\/vi\/wp-json\/wp\/v2\/media?parent=945"}],"curies":[{"name":"wp","href":"https:\/\/api.w.org\/{rel}","templated":true}]}}