{"id":954,"date":"2026-02-22T15:10:21","date_gmt":"2026-02-22T15:10:21","guid":{"rendered":"https:\/\/shatranj.art\/?page_id=954"},"modified":"2026-02-24T09:18:28","modified_gmt":"2026-02-24T09:18:28","slug":"poster-16","status":"publish","type":"page","link":"https:\/\/shatranj.art\/vi\/exhibit\/poster-16\/","title":{"rendered":"Poster 16"},"content":{"rendered":"<div data-elementor-type=\"wp-page\" data-elementor-id=\"954\" class=\"elementor elementor-954\" data-elementor-post-type=\"page\">\n\t\t\t\t<div class=\"elementor-element elementor-element-05751de e-flex e-con-boxed e-con e-parent\" data-id=\"05751de\" data-element_type=\"container\" data-e-type=\"container\" data-settings=\"{&quot;background_background&quot;:&quot;classic&quot;}\">\n\t\t\t\t\t<div class=\"e-con-inner\">\n\t\t<div class=\"elementor-element elementor-element-415f3f4 e-con-full e-flex e-con e-child\" data-id=\"415f3f4\" data-element_type=\"container\" data-e-type=\"container\">\n\t\t\t\t<div class=\"elementor-element elementor-element-ee52ef0 elementor-widget__width-initial elementor-widget elementor-widget-image\" data-id=\"ee52ef0\" data-element_type=\"widget\" data-e-type=\"widget\" data-widget_type=\"image.default\">\n\t\t\t\t<div class=\"elementor-widget-container\">\n\t\t\t\t\t\t\t\t\t\t\t\t\t\t\t<img fetchpriority=\"high\" decoding=\"async\" width=\"723\" height=\"1024\" src=\"https:\/\/shatranj.art\/wp-content\/uploads\/2026\/02\/16-723x1024.jpg\" class=\"attachment-large size-large wp-image-959\" alt=\"\" srcset=\"https:\/\/shatranj.art\/wp-content\/uploads\/2026\/02\/16-723x1024.jpg 723w, https:\/\/shatranj.art\/wp-content\/uploads\/2026\/02\/16-212x300.jpg 212w, https:\/\/shatranj.art\/wp-content\/uploads\/2026\/02\/16-768x1087.jpg 768w, https:\/\/shatranj.art\/wp-content\/uploads\/2026\/02\/16-1085x1536.jpg 1085w, https:\/\/shatranj.art\/wp-content\/uploads\/2026\/02\/16-1447x2048.jpg 1447w, https:\/\/shatranj.art\/wp-content\/uploads\/2026\/02\/16.jpg 1557w\" sizes=\"(max-width: 723px) 100vw, 723px\" \/>\t\t\t\t\t\t\t\t\t\t\t\t\t\t\t<\/div>\n\t\t\t\t<\/div>\n\t\t\t\t<div class=\"elementor-element elementor-element-bc51b4f elementor-widget__width-initial elementor-widget elementor-widget-text-editor\" data-id=\"bc51b4f\" data-element_type=\"widget\" data-e-type=\"widget\" data-widget_type=\"text-editor.default\">\n\t\t\t\t<div class=\"elementor-widget-container\">\n\t\t\t\t\t\t\t\t\t<h3><b>Bucephalus: Linh h\u1ed3n huy\u1ec1n tho\u1ea1i c\u1ee7a th\u1ea3o nguy\u00ean v\u00e0 nh\u1eefng cu\u1ed9c chinh ph\u1ee5c<\/b><\/h3><p>T\u00ean \u201cOx-headed\u201d (Boukephalos) trong ti\u1ebfng Hy L\u1ea1p c\u1ed5 \u0111\u1ea1i c\u00f3 th\u1ec3 xu\u1ea5t ph\u00e1t t\u1eeb tr\u00e1n r\u1ed9ng c\u1ee7a n\u00f3 ho\u1eb7c m\u1ed9t v\u1ebft s\u1eb9o tr\u00ean vai. Bucephalus l\u00e0 con ng\u1ef1a chi\u1ebfn n\u1ed5i ti\u1ebfng nh\u1ea5t trong l\u1ecbch s\u1eed. Truy\u1ec1n thuy\u1ebft k\u1ec3 r\u1eb1ng n\u00f3 \u0111\u01b0\u1ee3c Philonicus, m\u1ed9t ng\u01b0\u1eddi Thessalia, d\u00e2ng t\u1eb7ng cho Vua Philip II v\u1edbi s\u1ed1 ti\u1ec1n kh\u1ed5ng l\u1ed3 13 t\u00e0i n\u0103ng, nh\u01b0ng kh\u00f4ng ai c\u00f3 th\u1ec3 thu\u1ea7n h\u00f3a \u0111\u01b0\u1ee3c tinh th\u1ea7n hoang d\u00e3 c\u1ee7a n\u00f3. M\u1ed9t Alexander tr\u1ebb tu\u1ed5i, nh\u1eadn th\u1ea5y con ng\u1ef1a ch\u1ec9 b\u1ecb ho\u1ea3ng s\u1ee3 b\u1edfi b\u00f3ng c\u1ee7a ch\u00ednh m\u00ecnh, \u0111\u00e3 quay n\u00f3 v\u1ec1 ph\u00eda m\u1eb7t tr\u1eddi \u0111\u1ec3 l\u00e0m d\u1ecbu n\u00f3. Th\u1ea5y v\u1eady, Vua Philip n\u1ed5i ti\u1ebfng tuy\u00ean b\u1ed1: \u201cH\u1ee1i con trai ta, h\u00e3y t\u00ecm cho m\u00ecnh m\u1ed9t v\u01b0\u01a1ng qu\u1ed1c x\u1ee9ng \u0111\u00e1ng v\u1edbi b\u1ea3n th\u00e2n, v\u00ec Macedonia qu\u00e1 nh\u1ecf b\u00e9 cho con!\u201d<\/p><p>\u00a0<\/p><p>T\u1eeb chi\u1ebfn tr\u01b0\u1eddng \u0111\u1ebfn s\u1ef1 b\u1ea5t t\u1eed<\/p><p>\u00a0<\/p><p>Bucephalus \u0111\u00e3 \u0111\u1ed3ng h\u00e0nh c\u00f9ng Alexander trong su\u1ed1t cu\u1ed9c chinh ph\u1ea1t t\u1eeb Hy L\u1ea1p \u0111\u1ebfn t\u1eadn trung t\u00e2m \u1ea4n \u0110\u1ed9. N\u00f3 \u0111\u00e3 ch\u1edf ch\u1ee7 nh\u00e2n c\u1ee7a m\u00ecnh qua nh\u1eefng tr\u1eadn chi\u1ebfn \u0111\u1eabm m\u00e1u nh\u1ea5t, t\u1eeb Granicus v\u00e0 Issus \u0111\u1ebfn Gaugamela v\u00e0 Tr\u1eadn Hydaspes. N\u0103m 326 TCN, trong chi\u1ebfn d\u1ecbch \u1ea4n \u0110\u1ed9, \u00f4ng qua \u0111\u1eddi do v\u1ebft th\u01b0\u01a1ng trong chi\u1ebfn \u0111\u1ea5u ho\u1eb7c tu\u1ed5i gi\u00e0 (khi g\u1ea7n 30 tu\u1ed5i). \u0110\u1ec3 t\u01b0\u1edfng nh\u1edb \u00f4ng, Alexander \u0111\u00e3 th\u00e0nh l\u1eadp th\u00e0nh ph\u1ed1 Alexandria Bucephala b\u00ean b\u1edd s\u00f4ng Jhelum \u1edf Pakistan ng\u00e0y nay.<\/p><p>\u00a0<\/p><p>Di s\u1ea3n v\u0103n h\u00f3a<\/p><p>\u00a0<\/p><p>Trong l\u1ecbch s\u1eed ngh\u1ec7 thu\u1eadt v\u00e0 v\u0103n h\u1ecdc, Bucephalus \u0111\u01b0\u1ee3c xem l\u00e0 bi\u1ec3u t\u01b0\u1ee3ng c\u1ee7a s\u1ee9c m\u1ea1nh, l\u00f2ng trung th\u00e0nh v\u00e0\u76f4\u89c9 nh\u1ea1y b\u00e9n. Trong truy\u1ec1n th\u1ed1ng ph\u01b0\u01a1ng \u0110\u00f4ng, n\u01a1i Alexander th\u01b0\u1eddng \u0111\u01b0\u1ee3c g\u1ecdi l\u00e0 \u201cIskandar\u201d, Bucephalus \u0111\u01b0\u1ee3c mi\u00eau t\u1ea3 nh\u01b0 m\u1ed9t ng\u01b0\u1eddi b\u1ea1n trung th\u00e0nh \u0111\u01b0\u1ee3c ban cho nh\u1eefng ph\u1ea9m ch\u1ea5t si\u00eau nhi\u00ean. \u00d4ng v\u1eabn l\u00e0 \u201clinh h\u1ed3n\u201d th\u1ef1c s\u1ef1 \u0111\u1eb1ng sau v\u1ecb chinh ph\u1ee5c v\u0129 \u0111\u1ea1i nh\u1ea5t trong l\u1ecbch s\u1eed, t\u01b0\u1ee3ng tr\u01b0ng cho m\u1ed9t m\u1ed1i li\u00ean k\u1ebft v\u01b0\u1ee3t ra ngo\u00e0i chi\u1ebfn tr\u01b0\u1eddng.<\/p>\t\t\t\t\t\t\t\t<\/div>\n\t\t\t\t<\/div>\n\t\t\t\t<\/div>\n\t\t\t\t\t<\/div>\n\t\t\t\t<\/div>\n\t\t\t\t<\/div>","protected":false},"excerpt":{"rendered":"<p>Bucephalus: The Legendary Spirit of the Steppes and Conquests Meaning &#8220;Ox-headed&#8221; (Boukephalos) in Ancient Greek likely due to his broad brow or a branding on his shoulder Bucephalus is the most iconic warhorse in history. Legend tells that he was offered to King Philip II by Philonicus the Thessalian for the staggering sum of 13 [&hellip;]<\/p>\n","protected":false},"author":1,"featured_media":0,"parent":743,"menu_order":0,"comment_status":"closed","ping_status":"closed","template":"","meta":{"footnotes":""},"class_list":["post-954","page","type-page","status-publish","hentry"],"_links":{"self":[{"href":"https:\/\/shatranj.art\/vi\/wp-json\/wp\/v2\/pages\/954","targetHints":{"allow":["GET"]}}],"collection":[{"href":"https:\/\/shatranj.art\/vi\/wp-json\/wp\/v2\/pages"}],"about":[{"href":"https:\/\/shatranj.art\/vi\/wp-json\/wp\/v2\/types\/page"}],"author":[{"embeddable":true,"href":"https:\/\/shatranj.art\/vi\/wp-json\/wp\/v2\/users\/1"}],"replies":[{"embeddable":true,"href":"https:\/\/shatranj.art\/vi\/wp-json\/wp\/v2\/comments?post=954"}],"version-history":[{"count":13,"href":"https:\/\/shatranj.art\/vi\/wp-json\/wp\/v2\/pages\/954\/revisions"}],"predecessor-version":[{"id":1579,"href":"https:\/\/shatranj.art\/vi\/wp-json\/wp\/v2\/pages\/954\/revisions\/1579"}],"up":[{"embeddable":true,"href":"https:\/\/shatranj.art\/vi\/wp-json\/wp\/v2\/pages\/743"}],"wp:attachment":[{"href":"https:\/\/shatranj.art\/vi\/wp-json\/wp\/v2\/media?parent=954"}],"curies":[{"name":"wp","href":"https:\/\/api.w.org\/{rel}","templated":true}]}}