{"id":986,"date":"2026-02-22T15:44:16","date_gmt":"2026-02-22T15:44:16","guid":{"rendered":"https:\/\/shatranj.art\/?page_id=986"},"modified":"2026-02-23T04:58:50","modified_gmt":"2026-02-23T04:58:50","slug":"poster-20","status":"publish","type":"page","link":"https:\/\/shatranj.art\/vi\/exhibit\/poster-20\/","title":{"rendered":"Poster 20"},"content":{"rendered":"<div data-elementor-type=\"wp-page\" data-elementor-id=\"986\" class=\"elementor elementor-986\" data-elementor-post-type=\"page\">\n\t\t\t\t<div class=\"elementor-element elementor-element-12aafbd e-flex e-con-boxed e-con e-parent\" data-id=\"12aafbd\" data-element_type=\"container\" data-e-type=\"container\" data-settings=\"{&quot;background_background&quot;:&quot;classic&quot;}\">\n\t\t\t\t\t<div class=\"e-con-inner\">\n\t\t<div class=\"elementor-element elementor-element-63eb695 e-con-full e-flex e-con e-child\" data-id=\"63eb695\" data-element_type=\"container\" data-e-type=\"container\">\n\t\t\t\t<div class=\"elementor-element elementor-element-c65f0f2 elementor-widget elementor-widget-image\" data-id=\"c65f0f2\" data-element_type=\"widget\" data-e-type=\"widget\" data-widget_type=\"image.default\">\n\t\t\t\t<div class=\"elementor-widget-container\">\n\t\t\t\t\t\t\t\t\t\t\t\t\t\t\t<img fetchpriority=\"high\" decoding=\"async\" width=\"800\" height=\"563\" src=\"https:\/\/shatranj.art\/wp-content\/uploads\/2026\/02\/20-1024x720.jpg\" class=\"attachment-large size-large wp-image-989\" alt=\"\" srcset=\"https:\/\/shatranj.art\/wp-content\/uploads\/2026\/02\/20-1024x720.jpg 1024w, https:\/\/shatranj.art\/wp-content\/uploads\/2026\/02\/20-300x211.jpg 300w, https:\/\/shatranj.art\/wp-content\/uploads\/2026\/02\/20-768x540.jpg 768w, https:\/\/shatranj.art\/wp-content\/uploads\/2026\/02\/20-1536x1080.jpg 1536w, https:\/\/shatranj.art\/wp-content\/uploads\/2026\/02\/20-2048x1440.jpg 2048w\" sizes=\"(max-width: 800px) 100vw, 800px\" \/>\t\t\t\t\t\t\t\t\t\t\t\t\t\t\t<\/div>\n\t\t\t\t<\/div>\n\t\t\t\t<div class=\"elementor-element elementor-element-c898b64 elementor-widget elementor-widget-text-editor\" data-id=\"c898b64\" data-element_type=\"widget\" data-e-type=\"widget\" data-widget_type=\"text-editor.default\">\n\t\t\t\t<div class=\"elementor-widget-container\">\n\t\t\t\t\t\t\t\t\t<h3><b>Alquerque: T\u1ed5 ti\u00ean c\u1ed5 x\u01b0a c\u1ee7a tr\u00f2 ch\u01a1i c\u1edd v\u00e0 di s\u1ea3n c\u1ee7a Alfonso<\/b><\/h3><p><b>M\u1ed9t chi\u1ebfn l\u01b0\u1ee3c k\u00e9o d\u00e0i t\u1eeb th\u1eddi Castile \u0111\u1ebfn ng\u00e0y nay<\/b> <span style=\"font-weight: 400;\"><br \/><\/span>\u0110\u01b0\u1ee3c vua Alfonso X c\u1ee7a Castile (Alfonso the Wise) \u1ee7y th\u00e1c v\u00e0o n\u0103m 1283, cu\u1ed1n \u201cLibro de los Juegos\u201d (S\u00e1ch v\u1ec1 C\u00e1c Tr\u00f2 Ch\u01a1i) v\u1eabn l\u00e0 t\u00e0i li\u1ec7u to\u00e0n di\u1ec7n nh\u1ea5t v\u1ec1 v\u0103n h\u00f3a tr\u00f2 ch\u01a1i trong th\u1eddi Trung C\u1ed5 ch\u00e2u \u00c2u. Alquerque, \u0111\u01b0\u1ee3c m\u00f4 t\u1ea3 chi ti\u1ebft trong cu\u1ed1n s\u00e1ch, l\u00e0 phi\u00ean b\u1ea3n ch\u00e2u \u00c2u c\u1ee7a m\u1ed9t tr\u00f2 ch\u01a1i chi\u1ebfn l\u01b0\u1ee3c c\u1ed5 x\u01b0a \u0111\u01b0\u1ee3c bi\u1ebft \u0111\u1ebfn trong th\u1ebf gi\u1edbi \u1ea2 R\u1eadp v\u1edbi t\u00ean g\u1ecdi \"El-Qirkat\", c\u00f3 ngu\u1ed3n g\u1ed1c t\u1eeb Ai C\u1eadp c\u1ed5 \u0111\u1ea1i. V\u00e0o th\u1ebf k\u1ef7 13 t\u1ea1i T\u00e2y Ban Nha, Alquerque l\u00e0 minh ch\u1ee9ng cho s\u1ef1 h\u1ee3p t\u00e1c gi\u1eefa c\u00e1c h\u1ecdc gi\u1ea3 Kit\u00f4 gi\u00e1o, H\u1ed3i gi\u00e1o v\u00e0 Do Th\u00e1i trong vi\u1ec7c k\u1ebft n\u1ed1i ki\u1ebfn th\u1ee9c c\u1ee7a \u0110\u00f4ng v\u00e0 T\u00e2y.<\/p><p><b>Con \u0111\u01b0\u1eddng \u0111\u1ebfn v\u1edbi c\u1edd vua<\/b> <span style=\"font-weight: 400;\"><br \/><\/span>Alquerque, m\u1ed9t tr\u00f2 ch\u01a1i \u0111\u01b0\u1ee3c ch\u01a1i v\u1edbi 12 qu\u00e2n c\u1edd m\u1ed7i b\u00ean tr\u00ean m\u1ed9t l\u01b0\u1edbi 5\u00d75, l\u00e0 n\u01a1i ra \u0111\u1eddi c\u1ee7a c\u01a1 ch\u1ebf \u201cb\u1eaft nh\u1ea3y\u201d, nguy\u00ean t\u1eafc c\u1ed1t l\u00f5i c\u1ee7a tr\u00f2 ch\u01a1i C\u1edd T\u01b0\u1edbng hi\u1ec7n \u0111\u1ea1i. V\u00e0o cu\u1ed1i th\u1ebf k\u1ef7 15, khi c\u00e1c quy t\u1eafc \u0111\u1ed9ng n\u00e0y \u0111\u01b0\u1ee3c chuy\u1ec3n sang b\u00e0n c\u1edd 8\u00d78, tr\u00f2 ch\u01a1i \u201cDraughts\u201d (Checkers) m\u00e0 ch\u00fang ta bi\u1ebft \u0111\u1ebfn ng\u00e0y nay \u0111\u00e3 ra \u0111\u1eddi. H\u00ecnh \u1ea3nh n\u00e0y l\u00e0 minh ch\u1ee9ng cho th\u1ea5y tr\u00f2 ch\u01a1i kh\u00f4ng ch\u1ec9 l\u00e0 gi\u1ea3i tr\u00ed, m\u00e0 c\u00f2n l\u00e0 ng\u00f4n ng\u1eef ph\u1ed5 qu\u00e1t k\u1ebft n\u1ed1i c\u00e1c v\u00f9ng mi\u1ec1n, ng\u00f4n ng\u1eef v\u00e0 t\u00f4n gi\u00e1o.<\/p>\t\t\t\t\t\t\t\t<\/div>\n\t\t\t\t<\/div>\n\t\t\t\t<\/div>\n\t\t\t\t\t<\/div>\n\t\t\t\t<\/div>\n\t\t\t\t<\/div>","protected":false},"excerpt":{"rendered":"<p>Alquerque: The Ancient Ancestor of Draughts and the Legacy of Alfonso A Strategy Stretching from Castile to the Present Commissioned in 1283 by King Alfonso X of Castile (Alfonso the Wise), the Libro de los Juegos (The Book of Games) remains the most comprehensive record of gaming culture in Medieval Europe. Alquerque, detailed within its [&hellip;]<\/p>\n","protected":false},"author":1,"featured_media":0,"parent":743,"menu_order":0,"comment_status":"closed","ping_status":"closed","template":"","meta":{"footnotes":""},"class_list":["post-986","page","type-page","status-publish","hentry"],"_links":{"self":[{"href":"https:\/\/shatranj.art\/vi\/wp-json\/wp\/v2\/pages\/986","targetHints":{"allow":["GET"]}}],"collection":[{"href":"https:\/\/shatranj.art\/vi\/wp-json\/wp\/v2\/pages"}],"about":[{"href":"https:\/\/shatranj.art\/vi\/wp-json\/wp\/v2\/types\/page"}],"author":[{"embeddable":true,"href":"https:\/\/shatranj.art\/vi\/wp-json\/wp\/v2\/users\/1"}],"replies":[{"embeddable":true,"href":"https:\/\/shatranj.art\/vi\/wp-json\/wp\/v2\/comments?post=986"}],"version-history":[{"count":7,"href":"https:\/\/shatranj.art\/vi\/wp-json\/wp\/v2\/pages\/986\/revisions"}],"predecessor-version":[{"id":1231,"href":"https:\/\/shatranj.art\/vi\/wp-json\/wp\/v2\/pages\/986\/revisions\/1231"}],"up":[{"embeddable":true,"href":"https:\/\/shatranj.art\/vi\/wp-json\/wp\/v2\/pages\/743"}],"wp:attachment":[{"href":"https:\/\/shatranj.art\/vi\/wp-json\/wp\/v2\/media?parent=986"}],"curies":[{"name":"wp","href":"https:\/\/api.w.org\/{rel}","templated":true}]}}