{"id":993,"date":"2026-02-22T15:50:48","date_gmt":"2026-02-22T15:50:48","guid":{"rendered":"https:\/\/shatranj.art\/?page_id=993"},"modified":"2026-02-23T09:12:48","modified_gmt":"2026-02-23T09:12:48","slug":"poster-21","status":"publish","type":"page","link":"https:\/\/shatranj.art\/vi\/exhibit\/poster-21\/","title":{"rendered":"Poster 21"},"content":{"rendered":"<div data-elementor-type=\"wp-page\" data-elementor-id=\"993\" class=\"elementor elementor-993\" data-elementor-post-type=\"page\">\n\t\t\t\t<div class=\"elementor-element elementor-element-6bcd47d e-flex e-con-boxed e-con e-parent\" data-id=\"6bcd47d\" data-element_type=\"container\" data-e-type=\"container\" data-settings=\"{&quot;background_background&quot;:&quot;classic&quot;}\">\n\t\t\t\t\t<div class=\"e-con-inner\">\n\t\t<div class=\"elementor-element elementor-element-f86ef29 e-con-full e-flex e-con e-child\" data-id=\"f86ef29\" data-element_type=\"container\" data-e-type=\"container\">\n\t\t\t\t<div class=\"elementor-element elementor-element-c8d22b6 elementor-widget elementor-widget-image\" data-id=\"c8d22b6\" data-element_type=\"widget\" data-e-type=\"widget\" data-widget_type=\"image.default\">\n\t\t\t\t<div class=\"elementor-widget-container\">\n\t\t\t\t\t\t\t\t\t\t\t\t\t\t\t<img fetchpriority=\"high\" decoding=\"async\" width=\"800\" height=\"488\" src=\"https:\/\/shatranj.art\/wp-content\/uploads\/2024\/04\/avusturya-1024x625.jpeg\" class=\"attachment-large size-large wp-image-380\" alt=\"\" srcset=\"https:\/\/shatranj.art\/wp-content\/uploads\/2024\/04\/avusturya-1024x625.jpeg 1024w, https:\/\/shatranj.art\/wp-content\/uploads\/2024\/04\/avusturya-300x183.jpeg 300w, https:\/\/shatranj.art\/wp-content\/uploads\/2024\/04\/avusturya-768x468.jpeg 768w, https:\/\/shatranj.art\/wp-content\/uploads\/2024\/04\/avusturya.jpeg 1100w\" sizes=\"(max-width: 800px) 100vw, 800px\" \/>\t\t\t\t\t\t\t\t\t\t\t\t\t\t\t<\/div>\n\t\t\t\t<\/div>\n\t\t\t\t<div class=\"elementor-element elementor-element-a7cfd27 elementor-widget__width-initial elementor-widget elementor-widget-text-editor\" data-id=\"a7cfd27\" data-element_type=\"widget\" data-e-type=\"widget\" data-widget_type=\"text-editor.default\">\n\t\t\t\t<div class=\"elementor-widget-container\">\n\t\t\t\t\t\t\t\t\t<div class=\"elementor-element elementor-element-486eb829 elementor-widget__width-auto elementor-widget elementor-widget-text-editor\" data-id=\"486eb829\" data-element_type=\"widget\" data-widget_type=\"text-editor.default\"><div class=\"elementor-widget-container\"><p><strong>S\u00e2n kh\u1ea5u huy\u1ec1n tho\u1ea1i: B\u1ed9 s\u01b0u t\u1eadp qu\u00e1n c\u00e0 ph\u00ea \u00c1o (kho\u1ea3ng n\u0103m 1880) \u2615\u265f\ufe0f<\/strong><\/p><p>\u0110\u01b0\u1ee3c ch\u1ebf t\u00e1c t\u1eeb g\u1ed7 tr\u00e1i c\u00e2y b\u1ec1n b\u1ec9 v\u1edbi l\u1edbp s\u01a1n m\u00e0i t\u1ef1 nhi\u00ean, b\u1ed9 c\u1edd vua phong c\u00e1ch qu\u00e1n c\u00e0 ph\u00ea \u00c1o (ho\u1eb7c Vienna) th\u1ebf k\u1ef7 19 n\u00e0y l\u00e0 m\u1ed9t t\u00e1c ph\u1ea9m trung t\u00e2m c\u1ee7a l\u1ecbch s\u1eed c\u1edd vua ch\u00e2u \u00c2u. L\u01b0u \u00fd thi\u1ebft k\u1ebf tinh t\u1ebf, sang tr\u1ecdng c\u1ee7a c\u00e1c qu\u00e2n vua v\u00e0 h\u1eadu v\u1edbi ph\u1ea7n \u0111\u1ec9nh h\u00ecnh c\u1ee7 h\u00e0nh nh\u1ecf.<\/p><p>Ngo\u00e0i v\u1ebb \u0111\u1eb9p th\u1ea9m m\u1ef9, phong c\u00e1ch b\u1ed9 c\u1edd n\u00e0y ch\u00ednh l\u00e0 chi\u1ebfn tr\u01b0\u1eddng th\u1ef1c s\u1ef1 cho s\u1ef1 ph\u00e1t tri\u1ec3n c\u1ee7a c\u1edd vua hi\u1ec7n \u0111\u1ea1i. Di s\u1ea3n c\u1ee7a n\u00f3 \u0111\u01b0\u1ee3c th\u1ec3 hi\u1ec7n ho\u00e0n h\u1ea3o trong b\u1ee9c \u1ea3nh n\u1ed5i ti\u1ebfng t\u1eeb gi\u1ea3i \u0111\u1ea5u Carlsbad 1929 huy\u1ec1n tho\u1ea1i, n\u01a1i nh\u00e0 v\u00f4 \u0111\u1ecbch cu\u1ed1i c\u00f9ng c\u1ee7a gi\u1ea3i \u0111\u1ea5u, Aron Nimzowitsch, c\u00f3 th\u1ec3 \u0111\u01b0\u1ee3c nh\u00ecn th\u1ea5y \u0111ang t\u1ee5 t\u1eadp xung quanh nh\u1eefng qu\u00e2n c\u1edd n\u00e0y c\u00f9ng v\u1edbi Viktor Tietz v\u00e0 nh\u00e0 v\u00f4 \u0111\u1ecbch th\u1ebf gi\u1edbi Alexander Alekhine. M\u1eb7c d\u00f9 c\u00e1c nh\u00e0 v\u00f4 \u0111\u1ecbch th\u1ebf gi\u1edbi \u0111\u1ea7u ti\u00ean nh\u01b0 Emanuel Lasker v\u00e0 Wilhelm Steinitz n\u1ed5i ti\u1ebfng \u1ee7ng h\u1ed9 thi\u1ebft k\u1ebf n\u00e0y, vi\u1ec7c ch\u1ee9ng ki\u1ebfn n\u00f3 \u0111\u01b0\u1ee3c c\u00e1c b\u1eadc th\u1ea7y c\u1ee7a n\u0103m 1929 s\u1eed d\u1ee5ng ho\u00e0n to\u00e0n th\u1ec3 hi\u1ec7n v\u0103n h\u00f3a c\u00e0 ph\u00ea s\u00f4i \u0111\u1ed9ng, tr\u00ed tu\u1ec7 n\u01a1i cu\u1ed9c c\u00e1ch m\u1ea1ng c\u1edd vua hi\u1ec7n \u0111\u1ea1i h\u00ecnh th\u00e0nh.<\/p><\/div><\/div>\t\t\t\t\t\t\t\t<\/div>\n\t\t\t\t<\/div>\n\t\t\t\t<div class=\"elementor-element elementor-element-32daf3b elementor-widget elementor-widget-image\" data-id=\"32daf3b\" data-element_type=\"widget\" data-e-type=\"widget\" data-widget_type=\"image.default\">\n\t\t\t\t<div class=\"elementor-widget-container\">\n\t\t\t\t\t\t\t\t\t\t\t\t\t\t\t<img decoding=\"async\" width=\"800\" height=\"442\" src=\"https:\/\/shatranj.art\/wp-content\/uploads\/2026\/02\/carlsbad_1929-1024x566.png\" class=\"attachment-large size-large wp-image-1277\" alt=\"\" srcset=\"https:\/\/shatranj.art\/wp-content\/uploads\/2026\/02\/carlsbad_1929-1024x566.png 1024w, https:\/\/shatranj.art\/wp-content\/uploads\/2026\/02\/carlsbad_1929-300x166.png 300w, https:\/\/shatranj.art\/wp-content\/uploads\/2026\/02\/carlsbad_1929-768x425.png 768w, https:\/\/shatranj.art\/wp-content\/uploads\/2026\/02\/carlsbad_1929-18x10.png 18w, https:\/\/shatranj.art\/wp-content\/uploads\/2026\/02\/carlsbad_1929.png 1139w\" sizes=\"(max-width: 800px) 100vw, 800px\" \/>\t\t\t\t\t\t\t\t\t\t\t\t\t\t\t<\/div>\n\t\t\t\t<\/div>\n\t\t\t\t<\/div>\n\t\t\t\t\t<\/div>\n\t\t\t\t<\/div>\n\t\t\t\t<\/div>","protected":false},"excerpt":{"rendered":"<p>The Battleground of Legends: The Austrian Coffeehouse Set (c. 1880) \u2615\u265f\ufe0f Crafted from durable fruitwood with a natural varnish, this late 19th-century Austrian (or Vienna) Coffeehouse set is a true centerpiece of European chess history. Notice the highly stylized, elegant designs of the king and queen pieces with mini-onion dome finale. Beyond its aesthetic charm, [&hellip;]<\/p>\n","protected":false},"author":1,"featured_media":0,"parent":743,"menu_order":0,"comment_status":"closed","ping_status":"closed","template":"","meta":{"footnotes":""},"class_list":["post-993","page","type-page","status-publish","hentry"],"_links":{"self":[{"href":"https:\/\/shatranj.art\/vi\/wp-json\/wp\/v2\/pages\/993","targetHints":{"allow":["GET"]}}],"collection":[{"href":"https:\/\/shatranj.art\/vi\/wp-json\/wp\/v2\/pages"}],"about":[{"href":"https:\/\/shatranj.art\/vi\/wp-json\/wp\/v2\/types\/page"}],"author":[{"embeddable":true,"href":"https:\/\/shatranj.art\/vi\/wp-json\/wp\/v2\/users\/1"}],"replies":[{"embeddable":true,"href":"https:\/\/shatranj.art\/vi\/wp-json\/wp\/v2\/comments?post=993"}],"version-history":[{"count":25,"href":"https:\/\/shatranj.art\/vi\/wp-json\/wp\/v2\/pages\/993\/revisions"}],"predecessor-version":[{"id":1377,"href":"https:\/\/shatranj.art\/vi\/wp-json\/wp\/v2\/pages\/993\/revisions\/1377"}],"up":[{"embeddable":true,"href":"https:\/\/shatranj.art\/vi\/wp-json\/wp\/v2\/pages\/743"}],"wp:attachment":[{"href":"https:\/\/shatranj.art\/vi\/wp-json\/wp\/v2\/media?parent=993"}],"curies":[{"name":"wp","href":"https:\/\/api.w.org\/{rel}","templated":true}]}}