{"id":1355,"date":"2026-02-23T08:47:26","date_gmt":"2026-02-23T08:47:26","guid":{"rendered":"https:\/\/shatranj.art\/?page_id=1355"},"modified":"2026-02-24T06:17:29","modified_gmt":"2026-02-24T06:17:29","slug":"poster-33","status":"publish","type":"page","link":"https:\/\/shatranj.art\/zh\/exhibit\/poster-33\/","title":{"rendered":"\u6d77\u62a5 33"},"content":{"rendered":"<div data-elementor-type=\"wp-page\" data-elementor-id=\"1355\" class=\"elementor elementor-1355\" data-elementor-post-type=\"page\">\n\t\t\t\t<div class=\"elementor-element elementor-element-2851794 e-flex e-con-boxed e-con e-parent\" data-id=\"2851794\" data-element_type=\"container\" data-e-type=\"container\" data-settings=\"{&quot;background_background&quot;:&quot;classic&quot;}\">\n\t\t\t\t\t<div class=\"e-con-inner\">\n\t\t<div class=\"elementor-element elementor-element-ed4d108 e-con-full e-flex e-con e-child\" data-id=\"ed4d108\" data-element_type=\"container\" data-e-type=\"container\">\n\t\t\t\t<div class=\"elementor-element elementor-element-2753e94 elementor-widget elementor-widget-image\" data-id=\"2753e94\" data-element_type=\"widget\" data-e-type=\"widget\" data-widget_type=\"image.default\">\n\t\t\t\t<div class=\"elementor-widget-container\">\n\t\t\t\t\t\t\t\t\t\t\t\t\t\t\t<img fetchpriority=\"high\" decoding=\"async\" width=\"800\" height=\"534\" src=\"https:\/\/shatranj.art\/wp-content\/uploads\/2026\/02\/ulku-ve-dalkiran-kultur-un-1024x683.jpeg\" class=\"attachment-large size-large wp-image-1359\" alt=\"\" srcset=\"https:\/\/shatranj.art\/wp-content\/uploads\/2026\/02\/ulku-ve-dalkiran-kultur-un-1024x683.jpeg 1024w, https:\/\/shatranj.art\/wp-content\/uploads\/2026\/02\/ulku-ve-dalkiran-kultur-un-300x200.jpeg 300w, https:\/\/shatranj.art\/wp-content\/uploads\/2026\/02\/ulku-ve-dalkiran-kultur-un-768x512.jpeg 768w, https:\/\/shatranj.art\/wp-content\/uploads\/2026\/02\/ulku-ve-dalkiran-kultur-un-1536x1024.jpeg 1536w, https:\/\/shatranj.art\/wp-content\/uploads\/2026\/02\/ulku-ve-dalkiran-kultur-un-2048x1365.jpeg 2048w, https:\/\/shatranj.art\/wp-content\/uploads\/2026\/02\/ulku-ve-dalkiran-kultur-un-18x12.jpeg 18w\" sizes=\"(max-width: 800px) 100vw, 800px\" \/>\t\t\t\t\t\t\t\t\t\t\t\t\t\t\t<\/div>\n\t\t\t\t<\/div>\n\t\t\t\t<div class=\"elementor-element elementor-element-1b1dadb elementor-widget-tablet__width-inherit elementor-widget elementor-widget-text-editor\" data-id=\"1b1dadb\" data-element_type=\"widget\" data-e-type=\"widget\" data-widget_type=\"text-editor.default\">\n\t\t\t\t<div class=\"elementor-widget-container\">\n\t\t\t\t\t\t\t\t\t<h3><strong>\u7a46\u65af\u5854\u6cd5-\u51ef\u672b\u5c14-\u963f\u5854\u56fe\u5c14\u514b\u7684\u68cb\u5177<\/strong><span style=\"font-weight: 400;\"><br \/><\/span><span style=\"font-weight: 400;\"><br \/><\/span><\/h3><p><span style=\"font-weight: 400;\">\u672c\u5c55\u533a\u91cd\u70b9\u5c55\u793a\u4e86\u571f\u8033\u5176\u5386\u53f2\u4e0a\u72ec\u4e00\u65e0\u4e8c\u7684\u4f5c\u54c1\uff1a\u571f\u8033\u5176\u5171\u548c\u56fd\u521b\u59cb\u4eba\u7a46\u65af\u5854\u6cd5-\u51ef\u672b\u5c14-\u963f\u5854\u56fe\u5c14\u514b\u7684\u4e2a\u4eba\u8c61\u68cb\u3002\u5c55\u5385\u7167\u7247\u4e2d\uff0cH. Serta\u00e7 Dalk\u0131ran \u4e0e\u963f\u5854\u56fe\u5c14\u514b\u7684\u517b\u5973 \u00dclk\u00fc Adatepe \u4e00\u8d77\u81ea\u8c6a\u5730\u5c55\u793a\u8fd9\u5957\u8c61\u68cb\u3002.<\/span><span style=\"font-weight: 400;\"><br \/><\/span><span style=\"font-weight: 400;\"><br \/><\/span><span style=\"font-weight: 400;\">\u8fd9\u5957\u8c61\u68cb\u7531\u9ec4\u6768\u6728\u96d5\u523b\u800c\u6210\uff0c\u662f\u72ec\u4e00\u65e0\u4e8c\u7684\u8bbe\u8ba1\u3002\u5b83\u7684\u7075\u611f\u6765\u81ea\u52a0\u5229\u6ce2\u5229\u6218\u5f79\uff0c\u7531\u963f\u5854\u56fe\u5c14\u514b\u6797\u573a\u7ad9\u957f\u3001\u7956\u8d1d\u5fb7-\u6c49\u7eb3\u59c6\uff08Z\u00fcbeyde Han\u0131m\uff09\u517b\u5973\u74e6\u65af\u83f2\u8036-\u6c49\u7eb3\u59c6\uff08Vasfiye Han\u0131m\uff09\u7684\u4e08\u592b\u3001\u963f\u5854\u56fe\u5c14\u514b\u517b\u5973\u4e8e\u5c14\u5e93-\u963f\u8fbe\u7279\u4f69\uff08\u00dclk\u00fc Adatepe\uff09\u7684\u7236\u4eb2\u5854\u8d6b\u8f9b-\u4e18\u5e93\u5c14\u7f57\u683c\u5362\uff08Tahsin \u00c7ukurluo\u011flu\uff09\u5236\u4f5c\u3002\u8fd9\u5e45\u753b\u662f\u4f5c\u4e3a\u793c\u7269\u9001\u7ed9\u963f\u5854\u56fe\u5c14\u514b\u7684\u3002\u8f66\u88ab\u63cf\u7ed8\u6210\u5927\u70ae\uff0c\u8fd9\u4e0e\u8be5\u4f5c\u54c1\u5728\u8bb8\u591a\u5357\u65af\u62c9\u592b\u548c\u5df4\u5c14\u5e72\u8bed\u8a00\u4e2d\u7684\u672f\u8bed \u201c\u5927\u70ae\u201d\uff08\"top\"\uff09\u4e00\u81f4\u3002.\u00a0<\/span><\/p><p><span style=\"font-weight: 400;\">\u963f\u5854\u56fe\u5c14\u514b\u901d\u4e16\u540e\uff0c\u8fd9\u5957\u5bb6\u5177\u88ab\u8fd9\u4e2a\u5bb6\u5ead\u4fdd\u5b58\u4e86\u4e0b\u6765\u3002\u5854\u8d6b\u8f9b-\u4e18\u5e93\u5c14\u7f57\u683c\u5362\u53bb\u4e16\u540e\uff0c\u8fd9\u5957\u68cb\u88ab\u4f5c\u4e3a\u7eaa\u5ff5\u54c1\u9001\u7ed9\u4e86\u4ed6\u7684\u597d\u53cb\u585e\u62c9\u54c8\u5ef7-\u963f\u65af\u574e\uff08Selahattin A\u015fkan\uff09\uff0c\u540e\u8005\u662f\u56fd\u9645\u8c61\u68cb\u754c\u5fb7\u9ad8\u671b\u91cd\u7684\u4eba\u7269\uff0c\u4ed6\u4eec\u7684\u5bb6\u4f4d\u4e8e\u4f0a\u65af\u5766\u5e03\u5c14\u7684\u5207\u7ef4\u5179\u5229\uff08Cevizli\uff09\u3002.<\/span><\/p><p><span style=\"font-weight: 400;\">\u540e\u6765\uff0c\u8fd9\u5957\u68cb\u88ab\u8d60\u9001\u7ed9\u4e86 H. Serta\u00e7 Dalk\u0131ran\uff0c\u4ed6\u521b\u5efa\u4e86\u6211\u56fd\u7b2c\u4e00\u6240\u56fd\u9645\u8c61\u68cb\u5b66\u6821\u548c\u535a\u7269\u9986\uff0c\u4ee5\u8868\u5f70\u4ed6\u4e3a\u571f\u8033\u5176\u56fd\u9645\u8c61\u68cb\u4e8b\u4e1a\u505a\u51fa\u7684\u6770\u51fa\u8d21\u732e\u3002\u4f17\u6240\u5468\u77e5\uff0c\u963f\u5854\u56fe\u5c14\u514b\u66fe\u7528\u8fd9\u5957\u68cb\u4e0e\u4f0a\u65af\u6885\u7279-\u4f0a\u8bfa\u52aa\uff08\u0130smet \u0130n\u00f6n\u00fc\uff09\u3001\u585e\u62c9\u54c8\u5ef7-\u963f\u8fea\u5c14-\u5e15\u590f\uff08Selahattin Adil Pasha\uff09\u548c\u5176\u4ed6\u6218\u53cb\u4e0b\u8fc7\u68cb\u3002.<\/span><\/p>\t\t\t\t\t\t\t\t<\/div>\n\t\t\t\t<\/div>\n\t\t\t\t<div class=\"elementor-element elementor-element-8077669 elementor-widget elementor-widget-image\" data-id=\"8077669\" data-element_type=\"widget\" data-e-type=\"widget\" data-widget_type=\"image.default\">\n\t\t\t\t<div class=\"elementor-widget-container\">\n\t\t\t\t\t\t\t\t\t\t\t\t\t\t\t<img decoding=\"async\" width=\"800\" height=\"576\" src=\"https:\/\/shatranj.art\/wp-content\/uploads\/2026\/02\/ataturkun-takimi-afis-calismasi-1-1024x737.jpg\" class=\"attachment-large size-large wp-image-1358\" alt=\"\" srcset=\"https:\/\/shatranj.art\/wp-content\/uploads\/2026\/02\/ataturkun-takimi-afis-calismasi-1-1024x737.jpg 1024w, https:\/\/shatranj.art\/wp-content\/uploads\/2026\/02\/ataturkun-takimi-afis-calismasi-1-300x216.jpg 300w, https:\/\/shatranj.art\/wp-content\/uploads\/2026\/02\/ataturkun-takimi-afis-calismasi-1-768x553.jpg 768w, https:\/\/shatranj.art\/wp-content\/uploads\/2026\/02\/ataturkun-takimi-afis-calismasi-1-1536x1106.jpg 1536w, https:\/\/shatranj.art\/wp-content\/uploads\/2026\/02\/ataturkun-takimi-afis-calismasi-1-2048x1475.jpg 2048w, https:\/\/shatranj.art\/wp-content\/uploads\/2026\/02\/ataturkun-takimi-afis-calismasi-1-18x12.jpg 18w\" sizes=\"(max-width: 800px) 100vw, 800px\" \/>\t\t\t\t\t\t\t\t\t\t\t\t\t\t\t<\/div>\n\t\t\t\t<\/div>\n\t\t\t\t<div class=\"elementor-element elementor-element-887b309 elementor-widget elementor-widget-image\" data-id=\"887b309\" data-element_type=\"widget\" data-e-type=\"widget\" data-widget_type=\"image.default\">\n\t\t\t\t<div class=\"elementor-widget-container\">\n\t\t\t\t\t\t\t\t\t\t\t\t\t\t\t<img decoding=\"async\" width=\"800\" height=\"504\" src=\"https:\/\/shatranj.art\/wp-content\/uploads\/2026\/02\/mustafa-kemal-ataturk-chess-set-reduced-size-1024x645.jpg\" class=\"attachment-large size-large wp-image-1446\" alt=\"\" srcset=\"https:\/\/shatranj.art\/wp-content\/uploads\/2026\/02\/mustafa-kemal-ataturk-chess-set-reduced-size-1024x645.jpg 1024w, https:\/\/shatranj.art\/wp-content\/uploads\/2026\/02\/mustafa-kemal-ataturk-chess-set-reduced-size-300x189.jpg 300w, https:\/\/shatranj.art\/wp-content\/uploads\/2026\/02\/mustafa-kemal-ataturk-chess-set-reduced-size-768x484.jpg 768w, https:\/\/shatranj.art\/wp-content\/uploads\/2026\/02\/mustafa-kemal-ataturk-chess-set-reduced-size-1536x968.jpg 1536w, https:\/\/shatranj.art\/wp-content\/uploads\/2026\/02\/mustafa-kemal-ataturk-chess-set-reduced-size-2048x1291.jpg 2048w, https:\/\/shatranj.art\/wp-content\/uploads\/2026\/02\/mustafa-kemal-ataturk-chess-set-reduced-size-18x12.jpg 18w\" sizes=\"(max-width: 800px) 100vw, 800px\" \/>\t\t\t\t\t\t\t\t\t\t\t\t\t\t\t<\/div>\n\t\t\t\t<\/div>\n\t\t\t\t<div class=\"elementor-element elementor-element-67db2a3 elementor-widget elementor-widget-image\" data-id=\"67db2a3\" data-element_type=\"widget\" data-e-type=\"widget\" data-widget_type=\"image.default\">\n\t\t\t\t<div class=\"elementor-widget-container\">\n\t\t\t\t\t\t\t\t\t\t\t\t\t\t\t<img loading=\"lazy\" decoding=\"async\" width=\"768\" height=\"1024\" src=\"https:\/\/shatranj.art\/wp-content\/uploads\/2026\/02\/ulku-adatepe-my-childhood-with-ataturk-768x1024.jpg\" class=\"attachment-large size-large wp-image-1451\" alt=\"\" srcset=\"https:\/\/shatranj.art\/wp-content\/uploads\/2026\/02\/ulku-adatepe-my-childhood-with-ataturk-768x1024.jpg 768w, https:\/\/shatranj.art\/wp-content\/uploads\/2026\/02\/ulku-adatepe-my-childhood-with-ataturk-225x300.jpg 225w, https:\/\/shatranj.art\/wp-content\/uploads\/2026\/02\/ulku-adatepe-my-childhood-with-ataturk-1152x1536.jpg 1152w, https:\/\/shatranj.art\/wp-content\/uploads\/2026\/02\/ulku-adatepe-my-childhood-with-ataturk-1536x2048.jpg 1536w, https:\/\/shatranj.art\/wp-content\/uploads\/2026\/02\/ulku-adatepe-my-childhood-with-ataturk-9x12.jpg 9w, https:\/\/shatranj.art\/wp-content\/uploads\/2026\/02\/ulku-adatepe-my-childhood-with-ataturk-scaled.jpg 1920w\" sizes=\"(max-width: 768px) 100vw, 768px\" \/>\t\t\t\t\t\t\t\t\t\t\t\t\t\t\t<\/div>\n\t\t\t\t<\/div>\n\t\t\t\t<div class=\"elementor-element elementor-element-00467b4 elementor-widget elementor-widget-image\" data-id=\"00467b4\" data-element_type=\"widget\" data-e-type=\"widget\" data-widget_type=\"image.default\">\n\t\t\t\t<div class=\"elementor-widget-container\">\n\t\t\t\t\t\t\t\t\t\t\t\t\t\t\t<img loading=\"lazy\" decoding=\"async\" width=\"768\" height=\"1024\" src=\"https:\/\/shatranj.art\/wp-content\/uploads\/2026\/02\/ulku-adatepe-ataturk-memoirs-768x1024.jpg\" class=\"attachment-large size-large wp-image-1447\" alt=\"\" srcset=\"https:\/\/shatranj.art\/wp-content\/uploads\/2026\/02\/ulku-adatepe-ataturk-memoirs-768x1024.jpg 768w, https:\/\/shatranj.art\/wp-content\/uploads\/2026\/02\/ulku-adatepe-ataturk-memoirs-225x300.jpg 225w, https:\/\/shatranj.art\/wp-content\/uploads\/2026\/02\/ulku-adatepe-ataturk-memoirs-1152x1536.jpg 1152w, https:\/\/shatranj.art\/wp-content\/uploads\/2026\/02\/ulku-adatepe-ataturk-memoirs-1536x2048.jpg 1536w, https:\/\/shatranj.art\/wp-content\/uploads\/2026\/02\/ulku-adatepe-ataturk-memoirs-9x12.jpg 9w, https:\/\/shatranj.art\/wp-content\/uploads\/2026\/02\/ulku-adatepe-ataturk-memoirs-scaled.jpg 1920w\" sizes=\"(max-width: 768px) 100vw, 768px\" \/>\t\t\t\t\t\t\t\t\t\t\t\t\t\t\t<\/div>\n\t\t\t\t<\/div>\n\t\t\t\t<div class=\"elementor-element elementor-element-9bf6bee elementor-widget elementor-widget-image\" data-id=\"9bf6bee\" data-element_type=\"widget\" data-e-type=\"widget\" data-widget_type=\"image.default\">\n\t\t\t\t<div class=\"elementor-widget-container\">\n\t\t\t\t\t\t\t\t\t\t\t\t\t\t\t<img loading=\"lazy\" decoding=\"async\" width=\"530\" height=\"800\" src=\"https:\/\/shatranj.art\/wp-content\/uploads\/2026\/02\/mustafa-kemal-atatur-ulku-adatepe.jpg\" class=\"attachment-large size-large wp-image-1449\" alt=\"\" srcset=\"https:\/\/shatranj.art\/wp-content\/uploads\/2026\/02\/mustafa-kemal-atatur-ulku-adatepe.jpg 530w, https:\/\/shatranj.art\/wp-content\/uploads\/2026\/02\/mustafa-kemal-atatur-ulku-adatepe-199x300.jpg 199w, https:\/\/shatranj.art\/wp-content\/uploads\/2026\/02\/mustafa-kemal-atatur-ulku-adatepe-8x12.jpg 8w\" sizes=\"(max-width: 530px) 100vw, 530px\" \/>\t\t\t\t\t\t\t\t\t\t\t\t\t\t\t<\/div>\n\t\t\t\t<\/div>\n\t\t\t\t<div class=\"elementor-element elementor-element-c32a832 elementor-widget elementor-widget-image\" data-id=\"c32a832\" data-element_type=\"widget\" data-e-type=\"widget\" data-widget_type=\"image.default\">\n\t\t\t\t<div class=\"elementor-widget-container\">\n\t\t\t\t\t\t\t\t\t\t\t\t\t\t\t<img loading=\"lazy\" decoding=\"async\" width=\"640\" height=\"1024\" src=\"https:\/\/shatranj.art\/wp-content\/uploads\/2026\/02\/tahsin-cukurluoglu-ulku-adatepe-chesset-memory-640x1024.jpg\" class=\"attachment-large size-large wp-image-1450\" alt=\"\" srcset=\"https:\/\/shatranj.art\/wp-content\/uploads\/2026\/02\/tahsin-cukurluoglu-ulku-adatepe-chesset-memory-640x1024.jpg 640w, https:\/\/shatranj.art\/wp-content\/uploads\/2026\/02\/tahsin-cukurluoglu-ulku-adatepe-chesset-memory-187x300.jpg 187w, https:\/\/shatranj.art\/wp-content\/uploads\/2026\/02\/tahsin-cukurluoglu-ulku-adatepe-chesset-memory-7x12.jpg 7w, https:\/\/shatranj.art\/wp-content\/uploads\/2026\/02\/tahsin-cukurluoglu-ulku-adatepe-chesset-memory.jpg 652w\" sizes=\"(max-width: 640px) 100vw, 640px\" \/>\t\t\t\t\t\t\t\t\t\t\t\t\t\t\t<\/div>\n\t\t\t\t<\/div>\n\t\t\t\t<div class=\"elementor-element elementor-element-4fc3267 elementor-widget elementor-widget-image\" data-id=\"4fc3267\" data-element_type=\"widget\" data-e-type=\"widget\" data-widget_type=\"image.default\">\n\t\t\t\t<div class=\"elementor-widget-container\">\n\t\t\t\t\t\t\t\t\t\t\t\t\t\t\t<img loading=\"lazy\" decoding=\"async\" width=\"580\" height=\"984\" src=\"https:\/\/shatranj.art\/wp-content\/uploads\/2026\/02\/Tahsin-Cukurluoglu.jpg\" class=\"attachment-large size-large wp-image-1448\" alt=\"\" srcset=\"https:\/\/shatranj.art\/wp-content\/uploads\/2026\/02\/Tahsin-Cukurluoglu.jpg 580w, https:\/\/shatranj.art\/wp-content\/uploads\/2026\/02\/Tahsin-Cukurluoglu-177x300.jpg 177w, https:\/\/shatranj.art\/wp-content\/uploads\/2026\/02\/Tahsin-Cukurluoglu-7x12.jpg 7w\" sizes=\"(max-width: 580px) 100vw, 580px\" \/>\t\t\t\t\t\t\t\t\t\t\t\t\t\t\t<\/div>\n\t\t\t\t<\/div>\n\t\t\t\t<div class=\"elementor-element elementor-element-7c081ec elementor-widget-tablet__width-inherit elementor-widget elementor-widget-text-editor\" data-id=\"7c081ec\" data-element_type=\"widget\" data-e-type=\"widget\" data-widget_type=\"text-editor.default\">\n\t\t\t\t<div class=\"elementor-widget-container\">\n\t\t\t\t\t\t\t\t\t<h3><b>\u8d39\u5185\u5df4\u5207\u4f53\u80b2\u573a\u5de8\u578b\u56fd\u9645\u8c61\u68cb\u73b0\u573a\u8868\u6f14\uff081997 \u5e74\uff09<\/b><\/h3><p><b>\u4ee5\u4f53\u80b2\u573a\u62fc\u8d34\u753b\u4e3a\u57fa\u7840\u3002.<\/b><\/p><p><span style=\"font-weight: 400;\">\u8fd9\u4e2a\u4ee4\u4eba\u5370\u8c61\u6df1\u523b\u7684\u89c6\u9891\u5c55\u793a\u4e86 1997 \u5e74\u5728\u8d39\u5185\u5df4\u5207\u4f53\u80b2\u573a\u4e3e\u884c\u7684\u5927\u578b \u201c\u73b0\u573a\u56fd\u9645\u8c61\u68cb \u201d\u6d3b\u52a8\uff0c\u8d39\u5185\u5df4\u5207\u662f\u571f\u8033\u5176\u6700\u77e5\u540d\u7684\u4f53\u80b2\u4ff1\u4e50\u90e8\u4e4b\u4e00\u3002.<\/span><\/p><p><span style=\"font-weight: 400;\">\u5728\u8fd9\u6b21\u6d3b\u52a8\u4e2d\uff0c\u8db3\u7403\u573a\u88ab\u6539\u9020\u6210\u4e86\u4e00\u4e2a\u5de8\u5927\u7684\u68cb\u76d8\uff0c\u8eab\u7740\u7279\u6b8a\u670d\u88c5\u7684\u8868\u6f14\u8005\u5728\u7403\u573a\u89c2\u4f17\u9762\u524d\u626e\u6f14\u68cb\u5b50\uff0c\u5c06\u8fd9\u4e00\u6218\u7565\u6e38\u620f\u6f14\u7ece\u5f97\u6829\u6829\u5982\u751f\u3002\u8fd9\u79cd\u89c6\u89c9\u6548\u679c\u5c06\u56fd\u9645\u8c61\u68cb\u7684\u667a\u529b\u6df1\u5ea6\u4e0e\u8eab\u4f53\u89c6\u89c9\u76db\u5bb4\u548c\u4f53\u80b2\u6587\u5316\u5b8c\u7f8e\u5730\u878d\u5408\u5728\u4e00\u8d77\u3002\u5728\u4f53\u80b2\u573a\u7684\u4e00\u9762\u65d7\u5e1c\u4e0a\u53ef\u4ee5\u770b\u5230\u963f\u5854\u56fe\u5c14\u514b\u7684\u7167\u7247\u3002.<\/span><\/p><p><b>\u6863\u6848\u8bf4\u660e\uff1a<\/b><span style=\"font-weight: 400;\"> \u6b63\u5982\u539f\u7167\u7247\u4e0a\u6240\u6ce8\u660e\u7684\uff0c\u8fd9\u5e45\u7279\u6b8a\u7684\u56fd\u9645\u8c61\u68cb\u5386\u53f2\u5c55\u54c1\u6765\u81ea\u56fd\u9645\u68cb\u8054\u56fd\u9645\u8c61\u68cb\u4ef2\u88c1\u5458\u548c\u4f5c\u5bb6\u7684\u4e2a\u4eba\u6863\u6848\u548c\u6536\u85cf\u3001, <\/span><b>H.Serta\u00e7 Dalk\u0131ran<\/b><span style=\"font-weight: 400;\">.<\/span><\/p>\t\t\t\t\t\t\t\t<\/div>\n\t\t\t\t<\/div>\n\t\t\t\t<div class=\"elementor-element elementor-element-2284ad2 elementor-widget elementor-widget-image\" data-id=\"2284ad2\" data-element_type=\"widget\" data-e-type=\"widget\" data-widget_type=\"image.default\">\n\t\t\t\t<div class=\"elementor-widget-container\">\n\t\t\t\t\t\t\t\t\t\t\t\t\t\t\t<img loading=\"lazy\" decoding=\"async\" width=\"800\" height=\"557\" src=\"https:\/\/shatranj.art\/wp-content\/uploads\/2026\/02\/Fenerbahce-stadi-bale-1997-1024x713.jpg\" class=\"attachment-large size-large wp-image-1360\" alt=\"\" srcset=\"https:\/\/shatranj.art\/wp-content\/uploads\/2026\/02\/Fenerbahce-stadi-bale-1997-1024x713.jpg 1024w, https:\/\/shatranj.art\/wp-content\/uploads\/2026\/02\/Fenerbahce-stadi-bale-1997-300x209.jpg 300w, https:\/\/shatranj.art\/wp-content\/uploads\/2026\/02\/Fenerbahce-stadi-bale-1997-768x535.jpg 768w, https:\/\/shatranj.art\/wp-content\/uploads\/2026\/02\/Fenerbahce-stadi-bale-1997-1536x1070.jpg 1536w, https:\/\/shatranj.art\/wp-content\/uploads\/2026\/02\/Fenerbahce-stadi-bale-1997-2048x1426.jpg 2048w, https:\/\/shatranj.art\/wp-content\/uploads\/2026\/02\/Fenerbahce-stadi-bale-1997-18x12.jpg 18w\" sizes=\"(max-width: 800px) 100vw, 800px\" \/>\t\t\t\t\t\t\t\t\t\t\t\t\t\t\t<\/div>\n\t\t\t\t<\/div>\n\t\t\t\t<\/div>\n\t\t\t\t\t<\/div>\n\t\t\t\t<\/div>\n\t\t\t\t<\/div>","protected":false},"excerpt":{"rendered":"<p>The chess set of Mustafa Kemal Atat\u00fcrk This section of the exhibit highlights a unique piece of Turkish history: the personal chess set of Mustafa Kemal Atat\u00fcrk, the founder of the Republic of Turkey. The gallery photo shows H. Serta\u00e7 Dalk\u0131ran alongside Atat\u00fcrk&#8217;s adopted daughter, \u00dclk\u00fc Adatepe, proudly presenting the set. This chess set was [&hellip;]<\/p>\n","protected":false},"author":1,"featured_media":0,"parent":743,"menu_order":0,"comment_status":"closed","ping_status":"closed","template":"","meta":{"footnotes":""},"class_list":["post-1355","page","type-page","status-publish","hentry"],"_links":{"self":[{"href":"https:\/\/shatranj.art\/zh\/wp-json\/wp\/v2\/pages\/1355","targetHints":{"allow":["GET"]}}],"collection":[{"href":"https:\/\/shatranj.art\/zh\/wp-json\/wp\/v2\/pages"}],"about":[{"href":"https:\/\/shatranj.art\/zh\/wp-json\/wp\/v2\/types\/page"}],"author":[{"embeddable":true,"href":"https:\/\/shatranj.art\/zh\/wp-json\/wp\/v2\/users\/1"}],"replies":[{"embeddable":true,"href":"https:\/\/shatranj.art\/zh\/wp-json\/wp\/v2\/comments?post=1355"}],"version-history":[{"count":16,"href":"https:\/\/shatranj.art\/zh\/wp-json\/wp\/v2\/pages\/1355\/revisions"}],"predecessor-version":[{"id":1457,"href":"https:\/\/shatranj.art\/zh\/wp-json\/wp\/v2\/pages\/1355\/revisions\/1457"}],"up":[{"embeddable":true,"href":"https:\/\/shatranj.art\/zh\/wp-json\/wp\/v2\/pages\/743"}],"wp:attachment":[{"href":"https:\/\/shatranj.art\/zh\/wp-json\/wp\/v2\/media?parent=1355"}],"curies":[{"name":"wp","href":"https:\/\/api.w.org\/{rel}","templated":true}]}}