{"id":1521,"date":"2026-02-24T07:53:08","date_gmt":"2026-02-24T07:53:08","guid":{"rendered":"https:\/\/shatranj.art\/?page_id=1521"},"modified":"2026-02-24T10:48:54","modified_gmt":"2026-02-24T10:48:54","slug":"%e6%b5%b7%e6%8a%a5-40","status":"publish","type":"page","link":"https:\/\/shatranj.art\/zh\/exhibit\/%e6%b5%b7%e6%8a%a5-40\/","title":{"rendered":"\u6d77\u62a5-40"},"content":{"rendered":"<div data-elementor-type=\"wp-page\" data-elementor-id=\"1521\" class=\"elementor elementor-1521\" data-elementor-post-type=\"page\">\n\t\t\t\t<div class=\"elementor-element elementor-element-e98c0ef e-flex e-con-boxed e-con e-parent\" data-id=\"e98c0ef\" data-element_type=\"container\" data-e-type=\"container\" data-settings=\"{&quot;background_background&quot;:&quot;classic&quot;}\">\n\t\t\t\t\t<div class=\"e-con-inner\">\n\t\t<div class=\"elementor-element elementor-element-1fd6b3d e-con-full e-flex e-con e-child\" data-id=\"1fd6b3d\" data-element_type=\"container\" data-e-type=\"container\">\n\t\t\t\t<div class=\"elementor-element elementor-element-bf9198e elementor-widget elementor-widget-image\" data-id=\"bf9198e\" data-element_type=\"widget\" data-e-type=\"widget\" data-widget_type=\"image.default\">\n\t\t\t\t<div class=\"elementor-widget-container\">\n\t\t\t\t\t\t\t\t\t\t\t\t\t\t\t<img fetchpriority=\"high\" decoding=\"async\" width=\"1225\" height=\"919\" src=\"https:\/\/shatranj.art\/wp-content\/uploads\/2026\/02\/shahi-chess-set-pieces-fsvmu-uskudar-istanbul-2022.jpg\" class=\"attachment-full size-full wp-image-1523\" alt=\"\" srcset=\"https:\/\/shatranj.art\/wp-content\/uploads\/2026\/02\/shahi-chess-set-pieces-fsvmu-uskudar-istanbul-2022.jpg 1225w, https:\/\/shatranj.art\/wp-content\/uploads\/2026\/02\/shahi-chess-set-pieces-fsvmu-uskudar-istanbul-2022-300x225.jpg 300w, https:\/\/shatranj.art\/wp-content\/uploads\/2026\/02\/shahi-chess-set-pieces-fsvmu-uskudar-istanbul-2022-1024x768.jpg 1024w, https:\/\/shatranj.art\/wp-content\/uploads\/2026\/02\/shahi-chess-set-pieces-fsvmu-uskudar-istanbul-2022-768x576.jpg 768w, https:\/\/shatranj.art\/wp-content\/uploads\/2026\/02\/shahi-chess-set-pieces-fsvmu-uskudar-istanbul-2022-16x12.jpg 16w\" sizes=\"(max-width: 1225px) 100vw, 1225px\" \/>\t\t\t\t\t\t\t\t\t\t\t\t\t\t\t<\/div>\n\t\t\t\t<\/div>\n\t\t\t\t<div class=\"elementor-element elementor-element-72424f5 elementor-widget elementor-widget-text-editor\" data-id=\"72424f5\" data-element_type=\"widget\" data-e-type=\"widget\" data-widget_type=\"text-editor.default\">\n\t\t\t\t<div class=\"elementor-widget-container\">\n\t\t\t\t\t\t\t\t\t<h3 data-path-to-node=\"0\"><strong>\u6c99\u7279\u5170\u6770\u9879\u76ee\u56e2\u961f\u548c \u015eAH\u00ce \u539f\u578b\u673a<\/strong><\/h3><p data-path-to-node=\"1\">\u00a0<\/p><p data-path-to-node=\"1\">\u015eAH\u00ce \u56fd\u9645\u8c61\u68cb\u7684\u5f00\u53d1\u662f shatranj.ai \u548c shatranj.art \u9879\u76ee\u56e2\u961f\u5408\u4f5c\u7684\u91cc\u7a0b\u7891\u3002\u8fd9\u4e9b\u9879\u76ee\u7531\u6cd5\u63d0\u8d6b\u82cf\u4e39-\u7a46\u7f55\u9ed8\u5fb7-\u74e6\u514b\u592b\u5927\u5b66\uff08Fatih Sultan Mehmet Vak\u0131f\uff09\u79d1\u5b66\u53f2\u7cfb\u8d1f\u8d23\u534f\u8c03\uff0c\u5e76\u5f97\u5230\u4e86\u6b27\u76df\u4f0a\u62c9\u65af\u8c1f+\u9752\u5e74\u8ba1\u5212\u7684\u652f\u6301\uff0c\u65e8\u5728\u5c06\u79d1\u5b66\u53f2\u3001\u827a\u672f\u53f2\u3001\u6218\u7565\u6e38\u620f\u548c\u4eba\u5de5\u667a\u80fd\u8054\u7cfb\u8d77\u6765\u3002.<\/p><p data-path-to-node=\"2\">\u00a0<\/p><p data-path-to-node=\"2\">\u7167\u7247 1\uff1a\u9879\u76ee\u56e2\u961f\u5728 FSMVU \u00dcsk\u00fcdar \u6821\u533a<\/p><p data-path-to-node=\"3\">\u00a0<\/p><p data-path-to-node=\"3\">\u8fd9\u5f20\u56fe\u7247\u8bb0\u5f55\u4e86\u9879\u76ee\u56e2\u961f\u5728 2022 \u5e74 5 \u6708 26 \u65e5\u5e86\u795d\u9996\u4e2a \u015eAH\u00ce \u539f\u578b\u5b8c\u5de5\u7684\u573a\u666f\u3002\u8be5\u90e8\u95e8\u7684\u7814\u7a76\u4e3a\u8fd9\u5957\u88c5\u7f6e\u7684\u72ec\u7279\u7f8e\u5b66\u5960\u5b9a\u4e86\u5386\u53f2\u57fa\u7840\u3002.<\/p><p data-path-to-node=\"4\">\u00a0<\/p><p data-path-to-node=\"4\">\u4ece\u5de6\u81f3\u53f3<\/p><p data-path-to-node=\"4\">\u00a0<\/p><p data-path-to-node=\"4\">\u8d3e\u6c49\u5409\u5c14-\u963f\u8212\u7f57\u592b\uff08Jahangir Ashurov\uff09\uff1a\u4e16\u754c\u8457\u540d\u7684\u5fae\u7f29\u827a\u672f\u5bb6\u548c\u8bb2\u5e08\uff08\u5e03\u54c8\u62c9\u5b66\u6d3e\uff09\u3002\u4ed6\u5728 \u015eAH\u00ce \u7684\u8bbe\u8ba1\u8fc7\u7a0b\u4e2d\u901a\u8fc7 Afrasiyab \u56fd\u9645\u8c61\u68cb\u7684\u6839\u6e90\u8fdb\u884c\u4e86\u54a8\u8be2\u3002.\u00a0<\/p><p data-path-to-node=\"4\">\u00a0<\/p><p data-path-to-node=\"4\">G\u00fcner Karatekin \u6559\u6388\u3001\u535a\u58eb\uff1a\u513f\u7ae5\u5065\u5eb7\u548c\u65b0\u751f\u513f\u5b66\u6559\u6388\u3002.<\/p><p data-path-to-node=\"4\">\u00a0<\/p><p data-path-to-node=\"4\">\u5854\u6885\u5c14-\u5361\u62c9\u7279\u91d1shatranj.ai\u8bfe\u7a0b\u7684\u6280\u672f\u534f\u8c03\u4eba\uff0cshatranj.art\u5c55\u89c8\u7684\u8054\u5408\u7b56\u5c55\u4eba\uff0c\u015eAH\u00ce\u68cb\u5177\u548c\u68cb\u5b50\u7684\u8bbe\u8ba1\u8005<\/p><p data-path-to-node=\"4\">\u00a0<\/p><p data-path-to-node=\"4\">Mustafa Ka\u00e7ar \u535a\u58eb\uff0c\u6559\u6388\uff1a\u5f17\u5409\u5c3c\u4e9a\u5927\u5b66\u79d1\u5b66\u53f2\u7cfb\u4e3b\u4efb\u3002shatranj.ai \u548c shatranj.art \u9879\u76ee\u534f\u8c03\u4eba\u3002.<\/p><p data-path-to-node=\"4\">\u00a0<\/p><p data-path-to-node=\"4\">\u963f\u8482\u62c9-\u6bd4\u5c14\u535a\u58eb\u6559\u6388\u79d1\u5b66\u53f2\u548c\u5386\u53f2\u5de5\u5177\u65b9\u9762\u7684\u6559\u6388\u548c\u6770\u51fa\u6743\u5a01\u3002\u4ed6\u5728 \u015eAH\u00ce \u56fd\u9645\u8c61\u68cb\u7684\u8bbe\u8ba1\u8fc7\u7a0b\u4e2d\u591a\u6b21\u53c2\u8003\u79d1\u5b66\u53f2\uff0c\u4e3a\u5176\u63d0\u4f9b\u5efa\u8bae\u3002.<\/p>\t\t\t\t\t\t\t\t<\/div>\n\t\t\t\t<\/div>\n\t\t\t\t<div class=\"elementor-element elementor-element-b19a222 elementor-widget elementor-widget-image\" data-id=\"b19a222\" data-element_type=\"widget\" data-e-type=\"widget\" data-widget_type=\"image.default\">\n\t\t\t\t<div class=\"elementor-widget-container\">\n\t\t\t\t\t\t\t\t\t\t\t\t\t\t\t<img decoding=\"async\" width=\"1000\" height=\"667\" src=\"https:\/\/shatranj.art\/wp-content\/uploads\/2026\/02\/sergi-ayasofya-11Ocak2024.jpg\" class=\"attachment-full size-full wp-image-1524\" alt=\"\" srcset=\"https:\/\/shatranj.art\/wp-content\/uploads\/2026\/02\/sergi-ayasofya-11Ocak2024.jpg 1000w, https:\/\/shatranj.art\/wp-content\/uploads\/2026\/02\/sergi-ayasofya-11Ocak2024-300x200.jpg 300w, https:\/\/shatranj.art\/wp-content\/uploads\/2026\/02\/sergi-ayasofya-11Ocak2024-768x512.jpg 768w, https:\/\/shatranj.art\/wp-content\/uploads\/2026\/02\/sergi-ayasofya-11Ocak2024-18x12.jpg 18w\" sizes=\"(max-width: 1000px) 100vw, 1000px\" \/>\t\t\t\t\t\t\t\t\t\t\t\t\t\t\t<\/div>\n\t\t\t\t<\/div>\n\t\t\t\t<div class=\"elementor-element elementor-element-8b672e6 elementor-widget elementor-widget-text-editor\" data-id=\"8b672e6\" data-element_type=\"widget\" data-e-type=\"widget\" data-widget_type=\"text-editor.default\">\n\t\t\t\t<div class=\"elementor-widget-container\">\n\t\t\t\t\t\t\t\t\t<p data-path-to-node=\"5\">\u7167\u7247 2\uff1aFSVMU \u5723\u7d22\u83f2\u4e9a\u5927\u6559\u5802\u6821\u533a\u7684 Shatranj.art \u5c55\u89c8<\/p><p data-path-to-node=\"6\">\u00a0<\/p><p data-path-to-node=\"6\">2024\u5e741\u670811\u65e5\uff0c\u015eAH\u00ce\u56fd\u9645\u8c61\u68cb\u901a\u8fc7shatranj.art\u5c55\u89c8\u5728\u5723\u7d22\u83f2\u4e9a\u804c\u4e1a\u6280\u672f\u5b66\u9662\u5723\u7d22\u83f2\u4e9a\u5927\u6559\u5802\u6821\u533a\u9996\u6b21\u5411\u516c\u4f17\u5c55\u51fa\u3002Mustafa Ka\u00e7ar \u535a\u58eb\u548c Tamer Karatekin \u6559\u6388\u8ba8\u8bba\u4e86\u56fd\u9645\u8c61\u68cb\u7684\u6587\u5316\u548c\u5386\u53f2\u6f14\u53d8\u3002\u8bb2\u5ea7\u91cd\u70b9\u4ecb\u7ecd\u4e86 Kitab-ash Shatranj \u4e2d\u7684\u62dc\u5360\u5ead\/\u9c81\u7c73\u56fd\u9645\u8c61\u68cb\u53d8\u4f53\uff0c\u4ee5\u53ca \u015eAH\u00ce \u5957\u88c5\u56fd\u738b\u68cb\u5b50\u8bbe\u8ba1\u7684\u5177\u4f53\u5efa\u7b51\u7075\u611f\uff0c\u5982\u5723\u7d22\u83f2\u4e9a\u5927\u6559\u5802\u3001\u4e07\u795e\u6bbf\u548c\u9ebb\u7701\u7406\u5de5\u5b66\u9662\u7684\u6807\u5fd7\u6027\u5706\u9876\u3002.<\/p>\t\t\t\t\t\t\t\t<\/div>\n\t\t\t\t<\/div>\n\t\t\t\t<div class=\"elementor-element elementor-element-c44898c elementor-widget elementor-widget-image\" data-id=\"c44898c\" data-element_type=\"widget\" data-e-type=\"widget\" data-widget_type=\"image.default\">\n\t\t\t\t<div class=\"elementor-widget-container\">\n\t\t\t\t\t\t\t\t\t\t\t\t\t\t\t<img decoding=\"async\" width=\"1225\" height=\"919\" src=\"https:\/\/shatranj.art\/wp-content\/uploads\/2026\/02\/fsmvu-halic-creativity-prof.jpg\" class=\"attachment-full size-full wp-image-1534\" alt=\"\" srcset=\"https:\/\/shatranj.art\/wp-content\/uploads\/2026\/02\/fsmvu-halic-creativity-prof.jpg 1225w, https:\/\/shatranj.art\/wp-content\/uploads\/2026\/02\/fsmvu-halic-creativity-prof-300x225.jpg 300w, https:\/\/shatranj.art\/wp-content\/uploads\/2026\/02\/fsmvu-halic-creativity-prof-1024x768.jpg 1024w, https:\/\/shatranj.art\/wp-content\/uploads\/2026\/02\/fsmvu-halic-creativity-prof-768x576.jpg 768w, https:\/\/shatranj.art\/wp-content\/uploads\/2026\/02\/fsmvu-halic-creativity-prof-16x12.jpg 16w\" sizes=\"(max-width: 1225px) 100vw, 1225px\" \/>\t\t\t\t\t\t\t\t\t\t\t\t\t\t\t<\/div>\n\t\t\t\t<\/div>\n\t\t\t\t<div class=\"elementor-element elementor-element-58d2518 elementor-widget elementor-widget-text-editor\" data-id=\"58d2518\" data-element_type=\"widget\" data-e-type=\"widget\" data-widget_type=\"text-editor.default\">\n\t\t\t\t<div class=\"elementor-widget-container\">\n\t\t\t\t\t\t\t\t\t<p data-path-to-node=\"6\">\u7167\u7247 3\uff1a\u015eAH\u00ce \u673a\u7ec4\u539f\u578b\u4e0e Se\u00e7il \u015eat\u0131r \u6559\u6388\u5408\u5f71<\/p><p data-path-to-node=\"5\">\u00a0<\/p><p data-path-to-node=\"5\">Se\u00e7il \u015eat\u0131r \u535a\u58eb\u6559\u6388\u662f\u5e0c\u8482\u7279\u5927\u5b66\u7f8e\u672f\u3001\u8bbe\u8ba1\u548c\u5efa\u7b51\u5b66\u9662\u7684\u521b\u59cb\u9662\u957f\uff0c\u4e5f\u662f FSMVU \u5efa\u7b51\u4e0e\u8bbe\u8ba1\u5b66\u9662\u7684\u6559\u6388\u3002\u5979\u662f \u015eAH\u00ce \u8bbe\u8ba1\u8fc7\u7a0b\u7684\u4e3b\u8981\u8bbe\u8ba1\u987e\u95ee\u3002\u5de6\u4e3a Tamer Karatekin\uff0c\u53f3\u4e3a G\u00fcner Karatekin \u6559\u6388\u3002.<\/p><p><em>\u00a0<\/em><\/p>\t\t\t\t\t\t\t\t<\/div>\n\t\t\t\t<\/div>\n\t\t\t\t<\/div>\n\t\t\t\t\t<\/div>\n\t\t\t\t<\/div>\n\t\t\t\t<\/div>","protected":false},"excerpt":{"rendered":"<p>The Shatranj Project Team and the \u015eAH\u00ce Prototype \u00a0 The development of the \u015eAH\u00ce chess set was a collaborative milestone for the teams behind the shatranj.ai and shatranj.art projects. These initiatives, coordinated through the Science History Department of Fatih Sultan Mehmet Vak\u0131f University (FSMVU) and supported by the EU Erasmus+ Youth programme, aim to bridge [&hellip;]<\/p>\n","protected":false},"author":1,"featured_media":0,"parent":743,"menu_order":0,"comment_status":"closed","ping_status":"closed","template":"","meta":{"footnotes":""},"class_list":["post-1521","page","type-page","status-publish","hentry"],"_links":{"self":[{"href":"https:\/\/shatranj.art\/zh\/wp-json\/wp\/v2\/pages\/1521","targetHints":{"allow":["GET"]}}],"collection":[{"href":"https:\/\/shatranj.art\/zh\/wp-json\/wp\/v2\/pages"}],"about":[{"href":"https:\/\/shatranj.art\/zh\/wp-json\/wp\/v2\/types\/page"}],"author":[{"embeddable":true,"href":"https:\/\/shatranj.art\/zh\/wp-json\/wp\/v2\/users\/1"}],"replies":[{"embeddable":true,"href":"https:\/\/shatranj.art\/zh\/wp-json\/wp\/v2\/comments?post=1521"}],"version-history":[{"count":22,"href":"https:\/\/shatranj.art\/zh\/wp-json\/wp\/v2\/pages\/1521\/revisions"}],"predecessor-version":[{"id":1637,"href":"https:\/\/shatranj.art\/zh\/wp-json\/wp\/v2\/pages\/1521\/revisions\/1637"}],"up":[{"embeddable":true,"href":"https:\/\/shatranj.art\/zh\/wp-json\/wp\/v2\/pages\/743"}],"wp:attachment":[{"href":"https:\/\/shatranj.art\/zh\/wp-json\/wp\/v2\/media?parent=1521"}],"curies":[{"name":"wp","href":"https:\/\/api.w.org\/{rel}","templated":true}]}}