{"id":1521,"date":"2026-02-24T07:53:08","date_gmt":"2026-02-24T07:53:08","guid":{"rendered":"https:\/\/shatranj.art\/?page_id=1521"},"modified":"2026-02-24T10:48:54","modified_gmt":"2026-02-24T10:48:54","slug":"%e6%b5%b7%e5%a0%b1-40","status":"publish","type":"page","link":"https:\/\/shatranj.art\/zh_hk\/exhibit\/%e6%b5%b7%e5%a0%b1-40\/","title":{"rendered":"\u6d77\u5831-40"},"content":{"rendered":"<div data-elementor-type=\"wp-page\" data-elementor-id=\"1521\" class=\"elementor elementor-1521\" data-elementor-post-type=\"page\">\n\t\t\t\t<div class=\"elementor-element elementor-element-e98c0ef e-flex e-con-boxed e-con e-parent\" data-id=\"e98c0ef\" data-element_type=\"container\" data-e-type=\"container\" data-settings=\"{&quot;background_background&quot;:&quot;classic&quot;}\">\n\t\t\t\t\t<div class=\"e-con-inner\">\n\t\t<div class=\"elementor-element elementor-element-1fd6b3d e-con-full e-flex e-con e-child\" data-id=\"1fd6b3d\" data-element_type=\"container\" data-e-type=\"container\">\n\t\t\t\t<div class=\"elementor-element elementor-element-bf9198e elementor-widget elementor-widget-image\" data-id=\"bf9198e\" data-element_type=\"widget\" data-e-type=\"widget\" data-widget_type=\"image.default\">\n\t\t\t\t<div class=\"elementor-widget-container\">\n\t\t\t\t\t\t\t\t\t\t\t\t\t\t\t<img fetchpriority=\"high\" decoding=\"async\" width=\"1225\" height=\"919\" src=\"https:\/\/shatranj.art\/wp-content\/uploads\/2026\/02\/shahi-chess-set-pieces-fsvmu-uskudar-istanbul-2022.jpg\" class=\"attachment-full size-full wp-image-1523\" alt=\"\" srcset=\"https:\/\/shatranj.art\/wp-content\/uploads\/2026\/02\/shahi-chess-set-pieces-fsvmu-uskudar-istanbul-2022.jpg 1225w, https:\/\/shatranj.art\/wp-content\/uploads\/2026\/02\/shahi-chess-set-pieces-fsvmu-uskudar-istanbul-2022-300x225.jpg 300w, https:\/\/shatranj.art\/wp-content\/uploads\/2026\/02\/shahi-chess-set-pieces-fsvmu-uskudar-istanbul-2022-1024x768.jpg 1024w, https:\/\/shatranj.art\/wp-content\/uploads\/2026\/02\/shahi-chess-set-pieces-fsvmu-uskudar-istanbul-2022-768x576.jpg 768w, https:\/\/shatranj.art\/wp-content\/uploads\/2026\/02\/shahi-chess-set-pieces-fsvmu-uskudar-istanbul-2022-16x12.jpg 16w\" sizes=\"(max-width: 1225px) 100vw, 1225px\" \/>\t\t\t\t\t\t\t\t\t\t\t\t\t\t\t<\/div>\n\t\t\t\t<\/div>\n\t\t\t\t<div class=\"elementor-element elementor-element-72424f5 elementor-widget elementor-widget-text-editor\" data-id=\"72424f5\" data-element_type=\"widget\" data-e-type=\"widget\" data-widget_type=\"text-editor.default\">\n\t\t\t\t<div class=\"elementor-widget-container\">\n\t\t\t\t\t\t\t\t\t<h3 data-path-to-node=\"0\"><strong>Shatranj \u5c08\u6848\u5718\u968a\u8207 \u015eAH\u00ce \u539f\u578b\u6a5f<\/strong><\/h3><p data-path-to-node=\"1\">\u00a0<\/p><p data-path-to-node=\"1\">\u5c0d\u65bc shatranj.ai \u548c shatranj.art \u5c08\u6848\u80cc\u5f8c\u7684\u5718\u968a\u800c\u8a00\uff0c\u958b\u767c \u015eAH\u00ce \u570b\u969b\u8c61\u68cb\u7d44\u662f\u5408\u4f5c\u7684\u91cc\u7a0b\u7891\u3002\u9019\u4e9b\u8a08\u756b\u900f\u904e Fatih Sultan Mehmet Vak\u0131f \u5927\u5b78 (FSMVU) \u7684\u79d1\u5b78\u6b77\u53f2\u7cfb (Science History Department) \u5354\u8abf\uff0c\u4e26\u7372\u5f97\u6b50\u76df Erasmus+ \u9752\u5e74\u8a08\u756b\u7684\u652f\u6301\uff0c\u76ee\u7684\u5728\u65bc\u929c\u63a5\u79d1\u5b78\u3001\u85dd\u8853\u3001\u6230\u7565\u904a\u6232\u548c\u4eba\u5de5\u667a\u6167\u7684\u6b77\u53f2\u3002.<\/p><p data-path-to-node=\"2\">\u00a0<\/p><p data-path-to-node=\"2\">\u7167\u7247 1\uff1aFSMVU \u00dcsk\u00fcdar \u6821\u5712\u7684\u5c08\u6848\u5718\u968a<\/p><p data-path-to-node=\"3\">\u00a0<\/p><p data-path-to-node=\"3\">\u9019\u5f35\u5716\u7247\u8a18\u9304\u4e86\u5c08\u6848\u5718\u968a\u5728 2022 \u5e74 5 \u6708 26 \u65e5\u6176\u795d\u7b2c\u4e00\u5957 \u015eAH\u00ce \u539f\u578b\u5b8c\u6210\u3002\u8a72\u90e8\u9580\u7684\u7814\u7a76\u70ba\u9019\u5957\u8a2d\u5099\u7684\u7368\u7279\u7f8e\u611f\u63d0\u4f9b\u4e86\u6b77\u53f2\u57fa\u790e\u3002.<\/p><p data-path-to-node=\"4\">\u00a0<\/p><p data-path-to-node=\"4\">\u5f9e\u5de6\u81f3\u53f3<\/p><p data-path-to-node=\"4\">\u00a0<\/p><p data-path-to-node=\"4\">Jahangir Ashurov\uff1a\u4e16\u754c\u77e5\u540d\u7684\u5fae\u7e2e\u85dd\u8853\u5bb6\u548c\u5c0e\u5e2b\uff08\u5e03\u54c8\u62c9\u5b78\u6821\uff09\u3002\u4ed6\u900f\u904e Afrasiyab \u7684\u68cb\u6839\uff0c\u70ba \u015eAH\u00ce \u7684\u8a2d\u8a08\u904e\u7a0b\u63d0\u4f9b\u8aee\u8a62\u3002.\u00a0<\/p><p data-path-to-node=\"4\">\u00a0<\/p><p data-path-to-node=\"4\">G\u00fcner Karatekin \u535a\u58eb\u6559\u6388\uff1a\u5152\u7ae5\u5065\u5eb7\u8207\u65b0\u751f\u5152\u5b78\u6559\u6388\u3002.<\/p><p data-path-to-node=\"4\">\u00a0<\/p><p data-path-to-node=\"4\">Tamer Karatekinshatranj.ai\u8ab2\u7a0b\u7684\u6280\u8853\u5354\u8abf\u4eba\uff0cshatranj.art\u5c55\u89bd\u7684\u5171\u540c\u7b56\u5c55\u4eba\uff0c\u015eAH\u00ce\u68cb\u5177\u548c\u68cb\u5b50\u7684\u8a2d\u8a08\u8005<\/p><p data-path-to-node=\"4\">\u00a0<\/p><p data-path-to-node=\"4\">Mustafa Ka\u00e7ar \u535a\u58eb\uff0c\u6559\u6388\uff1aFSMVU \u79d1\u5b78\u6b77\u53f2\u7cfb\u4e3b\u4efb\u3002shatranj.ai \u548c shatranj.art \u8a08\u5283\u5354\u8abf\u4eba\u3002.<\/p><p data-path-to-node=\"4\">\u00a0<\/p><p data-path-to-node=\"4\">Atilla Bir \u535a\u58eb\u6559\u6388\uff1a\u6559\u6388\uff0c\u79d1\u5b78\u53f2\u548c\u6b77\u53f2\u5100\u5668\u65b9\u9762\u7684\u5091\u51fa\u6b0a\u5a01\u3002\u4ed6\u5728 \u015eAH\u00ce \u570b\u969b\u8c61\u68cb\u7684\u8a2d\u8a08\u904e\u7a0b\u4e2d\uff0c\u591a\u6b21\u53c3\u8003\u79d1\u5b78\u53f2\uff0c\u4e26\u63d0\u4f9b\u5efa\u8b70\u3002.<\/p>\t\t\t\t\t\t\t\t<\/div>\n\t\t\t\t<\/div>\n\t\t\t\t<div class=\"elementor-element elementor-element-b19a222 elementor-widget elementor-widget-image\" data-id=\"b19a222\" data-element_type=\"widget\" data-e-type=\"widget\" data-widget_type=\"image.default\">\n\t\t\t\t<div class=\"elementor-widget-container\">\n\t\t\t\t\t\t\t\t\t\t\t\t\t\t\t<img decoding=\"async\" width=\"1000\" height=\"667\" src=\"https:\/\/shatranj.art\/wp-content\/uploads\/2026\/02\/sergi-ayasofya-11Ocak2024.jpg\" class=\"attachment-full size-full wp-image-1524\" alt=\"\" srcset=\"https:\/\/shatranj.art\/wp-content\/uploads\/2026\/02\/sergi-ayasofya-11Ocak2024.jpg 1000w, https:\/\/shatranj.art\/wp-content\/uploads\/2026\/02\/sergi-ayasofya-11Ocak2024-300x200.jpg 300w, https:\/\/shatranj.art\/wp-content\/uploads\/2026\/02\/sergi-ayasofya-11Ocak2024-768x512.jpg 768w, https:\/\/shatranj.art\/wp-content\/uploads\/2026\/02\/sergi-ayasofya-11Ocak2024-18x12.jpg 18w\" sizes=\"(max-width: 1000px) 100vw, 1000px\" \/>\t\t\t\t\t\t\t\t\t\t\t\t\t\t\t<\/div>\n\t\t\t\t<\/div>\n\t\t\t\t<div class=\"elementor-element elementor-element-8b672e6 elementor-widget elementor-widget-text-editor\" data-id=\"8b672e6\" data-element_type=\"widget\" data-e-type=\"widget\" data-widget_type=\"text-editor.default\">\n\t\t\t\t<div class=\"elementor-widget-container\">\n\t\t\t\t\t\t\t\t\t<p data-path-to-node=\"5\">\u7167\u7247 2\uff1aFSVMU \u7d22\u83f2\u4e9e\u5927\u6559\u5802\u6821\u5340\u7684 Shatranj.art \u5c55\u89bd<\/p><p data-path-to-node=\"6\">\u00a0<\/p><p data-path-to-node=\"6\">2024\u5e741\u670811\u65e5\uff0c\u015eAH\u00ce\u570b\u969b\u8c61\u68cb\u68cb\u5b50\u900f\u904eshatranj.art\u5c55\u89bd\u9996\u6b21\u5728FSMVU\u7684Hagia Sophia\u6821\u5340\u5411\u516c\u773e\u5c55\u51fa\u3002Mustafa Ka\u00e7ar \u535a\u58eb\u6559\u6388\u548c Tamer Karatekin \u8a0e\u8ad6\u4e86\u68cb\u5b50\u7684\u6587\u5316\u548c\u6b77\u53f2\u6f14\u8b8a\u3002\u8a72\u8b1b\u5ea7\u5f37\u8abf\u4e86 Kitab-ash Shatranj \u4e2d\u7684\u62dc\u5360\u5ead\/Rumi \u570b\u969b\u8c61\u68cb\u8b8a\u9ad4\uff0c\u4ee5\u53ca \u015eAH\u00ce \u5957\u88dd\u7684\u570b\u738b\u68cb\u5b50\u8a2d\u8a08\u6240\u53c3\u8003\u7684\u7279\u5b9a\u5efa\u7bc9\u9748\u611f\u4f86\u6e90\uff0c\u4f8b\u5982\u8056\u7d22\u83f2\u4e9e\u5927\u6559\u5802\u3001\u842c\u795e\u6bbf\u548c\u9ebb\u7701\u7406\u5de5\u5b78\u9662\u7684\u6a19\u8a8c\u6027\u5713\u9802\u3002.<\/p>\t\t\t\t\t\t\t\t<\/div>\n\t\t\t\t<\/div>\n\t\t\t\t<div class=\"elementor-element elementor-element-c44898c elementor-widget elementor-widget-image\" data-id=\"c44898c\" data-element_type=\"widget\" data-e-type=\"widget\" data-widget_type=\"image.default\">\n\t\t\t\t<div class=\"elementor-widget-container\">\n\t\t\t\t\t\t\t\t\t\t\t\t\t\t\t<img decoding=\"async\" width=\"1225\" height=\"919\" src=\"https:\/\/shatranj.art\/wp-content\/uploads\/2026\/02\/fsmvu-halic-creativity-prof.jpg\" class=\"attachment-full size-full wp-image-1534\" alt=\"\" srcset=\"https:\/\/shatranj.art\/wp-content\/uploads\/2026\/02\/fsmvu-halic-creativity-prof.jpg 1225w, https:\/\/shatranj.art\/wp-content\/uploads\/2026\/02\/fsmvu-halic-creativity-prof-300x225.jpg 300w, https:\/\/shatranj.art\/wp-content\/uploads\/2026\/02\/fsmvu-halic-creativity-prof-1024x768.jpg 1024w, https:\/\/shatranj.art\/wp-content\/uploads\/2026\/02\/fsmvu-halic-creativity-prof-768x576.jpg 768w, https:\/\/shatranj.art\/wp-content\/uploads\/2026\/02\/fsmvu-halic-creativity-prof-16x12.jpg 16w\" sizes=\"(max-width: 1225px) 100vw, 1225px\" \/>\t\t\t\t\t\t\t\t\t\t\t\t\t\t\t<\/div>\n\t\t\t\t<\/div>\n\t\t\t\t<div class=\"elementor-element elementor-element-58d2518 elementor-widget elementor-widget-text-editor\" data-id=\"58d2518\" data-element_type=\"widget\" data-e-type=\"widget\" data-widget_type=\"text-editor.default\">\n\t\t\t\t<div class=\"elementor-widget-container\">\n\t\t\t\t\t\t\t\t\t<p data-path-to-node=\"6\">\u7167\u7247 3\uff1a\u015eAH\u00ce \u8a2d\u5099\u539f\u578b\u8207 Se\u00e7il \u015eat\u0131r \u6559\u6388\u7684\u5408\u7167<\/p><p data-path-to-node=\"5\">\u00a0<\/p><p data-path-to-node=\"5\">Se\u00e7il \u015eat\u0131r \u535a\u58eb\u6559\u6388\u662f Hitit \u5927\u5b78\u7f8e\u8853\u3001\u8a2d\u8a08\u548c\u5efa\u7bc9\u5b78\u9662\u7684\u5275\u9662\u9662\u9577\uff0c\u4e5f\u662f FSMVU \u5efa\u7bc9\u8207\u8a2d\u8a08\u5b78\u9662\u7684\u6559\u6388\u3002\u5979\u662f \u015eAH\u00ce \u8a2d\u8a08\u904e\u7a0b\u4e2d\u7684\u4e3b\u8981\u8a2d\u8a08\u9867\u554f\u3002\u5de6\u70ba Tamer Karatekin\uff0c\u53f3\u70ba G\u00fcner Karatekin \u6559\u6388\u3002.<\/p><p><em>\u00a0<\/em><\/p>\t\t\t\t\t\t\t\t<\/div>\n\t\t\t\t<\/div>\n\t\t\t\t<\/div>\n\t\t\t\t\t<\/div>\n\t\t\t\t<\/div>\n\t\t\t\t<\/div>","protected":false},"excerpt":{"rendered":"<p>The Shatranj Project Team and the \u015eAH\u00ce Prototype \u00a0 The development of the \u015eAH\u00ce chess set was a collaborative milestone for the teams behind the shatranj.ai and shatranj.art projects. These initiatives, coordinated through the Science History Department of Fatih Sultan Mehmet Vak\u0131f University (FSMVU) and supported by the EU Erasmus+ Youth programme, aim to bridge [&hellip;]<\/p>\n","protected":false},"author":1,"featured_media":0,"parent":743,"menu_order":0,"comment_status":"closed","ping_status":"closed","template":"","meta":{"footnotes":""},"class_list":["post-1521","page","type-page","status-publish","hentry"],"_links":{"self":[{"href":"https:\/\/shatranj.art\/zh_hk\/wp-json\/wp\/v2\/pages\/1521","targetHints":{"allow":["GET"]}}],"collection":[{"href":"https:\/\/shatranj.art\/zh_hk\/wp-json\/wp\/v2\/pages"}],"about":[{"href":"https:\/\/shatranj.art\/zh_hk\/wp-json\/wp\/v2\/types\/page"}],"author":[{"embeddable":true,"href":"https:\/\/shatranj.art\/zh_hk\/wp-json\/wp\/v2\/users\/1"}],"replies":[{"embeddable":true,"href":"https:\/\/shatranj.art\/zh_hk\/wp-json\/wp\/v2\/comments?post=1521"}],"version-history":[{"count":22,"href":"https:\/\/shatranj.art\/zh_hk\/wp-json\/wp\/v2\/pages\/1521\/revisions"}],"predecessor-version":[{"id":1637,"href":"https:\/\/shatranj.art\/zh_hk\/wp-json\/wp\/v2\/pages\/1521\/revisions\/1637"}],"up":[{"embeddable":true,"href":"https:\/\/shatranj.art\/zh_hk\/wp-json\/wp\/v2\/pages\/743"}],"wp:attachment":[{"href":"https:\/\/shatranj.art\/zh_hk\/wp-json\/wp\/v2\/media?parent=1521"}],"curies":[{"name":"wp","href":"https:\/\/api.w.org\/{rel}","templated":true}]}}